{"id":504,"date":"2021-03-02T10:06:51","date_gmt":"2021-03-02T13:06:51","guid":{"rendered":"https:\/\/www.dicas-l.com.br\/educacao\/?page_id=504"},"modified":"2022-04-23T18:05:14","modified_gmt":"2022-04-23T21:05:14","slug":"ebook","status":"publish","type":"page","link":"https:\/\/www.dicas-l.com.br\/educacao\/ebook\/","title":{"rendered":"[OG] [EBOOK: DA PRA FAZER EM SHELL] CADASTRO"},"content":{"rendered":"<h1>D\u00e1 para fazer em Shell?<\/h1>\n<p>ebook gratuito, com artigos de autoria do Prof. Julio Neves<\/p>\n<p><span><img decoding=\"async\" alt=\"\" data-id=\"581\" width=\"755\" data-init-width=\"1500\" height=\"579\" data-init-height=\"1150\" title=\"BOOK-MOCKUP-DA-PRA-FAZER-EM-SHELL\" loading=\"lazy\" src=\"https:\/\/www.dicas-l.com.br\/educacao\/wp-content\/uploads\/2021\/02\/BOOK-MOCKUP-DA-PRA-FAZER-EM-SHELL.png\" data-width=\"755\" data-height=\"579\"><\/span>Baixar o e-book!<\/p>\n<p>De acordo com as Leis 12.965\/2014 e 13.709\/2018, que regulam o uso da Internet e o tratamento de dados pessoais no Brasil, ao me inscrever para fazer o download do ebook &#8220;<strong>D\u00e1 pra fazer em SHELL?<\/strong>&#8220;, autorizo o envio de notifica\u00e7\u00f5es por e-mail ou outros meios e declaro estar ciente e concordar com os <a href=\"https:\/\/www.dicas-l.com.br\/politicadeprivacidade.php\" style=\"outline: none;\"><strong>Termos de Uso e Pol\u00edtica de Privacidade<\/strong><\/a> do portal DICAS-L Educa\u00e7\u00e3o.<\/p>\n<p>Conhe\u00e7a dezenas de solu\u00e7\u00f5es r\u00e1pidas e eficientes para problemas comuns na administra\u00e7\u00e3o de sistemas GNU\/Linux. Voc\u00ea ver\u00e1 que muitas vezes, com apenas 1 linha de c\u00f3digo, problemas dif\u00edceis se resolvem rapidamente.<\/p>\n<\/p>\n<p>Os artigos s\u00e3o de autoria do Prof. Julio Neves, que mostra todos os pulos do gato.<\/p>\n<h2 style=\"font-size: 30px;\"><strong>Sobre o autor<\/strong><\/h2>\n<h3 style=\"\">Julio Cezar Neves<\/h3>\n<p style=\"\">Trabalhou por 8 anos na empresa Cobra Computadores e Sistemas Brasileiros, que foi a primeira empresa brasileira a desenvolver, fabricar e comercializar computadores. Participou da equipe de desenvolvimento do SOX, que foi o 4\u00ba sistema operacional reconhecido com padr\u00e3o Unix e que \u00e9 o \u00fanico sistema, at\u00e9 hoje, desenvolvido fora dos Estados Unidos. Possui mais de 35 anos de experi\u00eancia em sistemas com a filosofia Unix e sua viv\u00eancia com o desenvolvimento de sistemas operacionais e muitas linguagens de programa\u00e7\u00e3o, lhe permitiu estudar a fundo o c\u00f3digo da shell Bash e descobrir recursos n\u00e3o documentados que facilitam enormemente a vida de quem programa. \u00c9 autor do bestseller <a href=\"https:\/\/amzn.to\/36K5Uym\" target=\"_blank\" style=\"outline: none;\" rel=\"noopener\">Programa\u00e7\u00e3o Shell Linux<\/a>, atualmente na 11\u00aa edi\u00e7\u00e3o, e do livro&nbsp;<a href=\"https:\/\/amzn.to\/3cJilhM\" target=\"_blank\" style=\"outline: none;\" rel=\"noopener\">Bombando o Shell &#8211; Caixa de Ferramentas Gr\u00e1ficas do Shell Linux.<\/a><\/p>\n<h2 style=\"text-align: left; font-size: 30px;\"><strong>Baixe agora a sua c\u00f3pia&nbsp;<\/strong><\/h2>\n<h2 style=\"text-align: left;\"><strong>[<span style=\"\">Conhe\u00e7a t\u00e9cnicas incr\u00edveis de programa\u00e7\u00e3o Shell<\/span>]<\/strong><\/h2>\n<p>Baixar o e-book!<\/p>\n<p style=\"text-align: left;\">De acordo com as Leis 12.965\/2014 e 13.709\/2018, que regulam o uso da Internet e o tratamento de dados pessoais no Brasil, ao me inscrever para fazer o download do ebook &#8220;<strong>D\u00e1 pra fazer em SHELL?<\/strong>&#8220;, autorizo o envio de notifica\u00e7\u00f5es por e-mail ou outros meios e declaro estar ciente e concordar com os <a href=\"https:\/\/www.dicas-l.com.br\/politicadeprivacidade.php\" style=\"outline: none;\"><strong>Termos de Uso e Pol\u00edtica de Privacidade<\/strong><\/a> do portal DICAS-L Educa\u00e7\u00e3o.<\/p>\n<p><span style=\"\"><img decoding=\"async\" alt=\"\" data-id=\"581\" width=\"619\" data-init-width=\"1500\" height=\"475\" data-init-height=\"1150\" title=\"BOOK-MOCKUP-DA-PRA-FAZER-EM-SHELL\" loading=\"lazy\" src=\"https:\/\/www.dicas-l.com.br\/educacao\/wp-content\/uploads\/2021\/02\/BOOK-MOCKUP-DA-PRA-FAZER-EM-SHELL.png\" data-width=\"619\" data-height=\"475\" style=\"\" ml-d=\"-137\" mt-d=\"0\" center-h-d=\"false\"><\/span><\/p>\n<p style=\"text-align: center;\">LIVRATE &#8211; TECNOLOGIA E EDUCA\u00c7\u00c3O EM SOFTWARE LIVRE<\/p>\n<p style=\"text-align: center;\"><strong>\u00a9 Todos os direitos reservados<\/strong><\/p>\n","protected":false},"excerpt":{"rendered":"<p>D\u00e1 para fazer em Shell? ebook gratuito, com artigos de autoria do Prof. Julio Neves Baixar o e-book! De acordo com as Leis 12.965\/2014 e 13.709\/2018, que regulam o uso da Internet e o tratamento de dados pessoais no Brasil, ao me inscrever para fazer o download do ebook &#8220;D\u00e1 pra fazer em SHELL?&#8220;, autorizo [&hellip;]<\/p>\n","protected":false},"author":1,"featured_media":0,"parent":0,"menu_order":0,"comment_status":"closed","ping_status":"closed","template":"","meta":{"_joinchat":[],"footnotes":""},"class_list":["post-504","page","type-page","status-publish","hentry"],"_links":{"self":[{"href":"https:\/\/www.dicas-l.com.br\/educacao\/wp-json\/wp\/v2\/pages\/504","targetHints":{"allow":["GET"]}}],"collection":[{"href":"https:\/\/www.dicas-l.com.br\/educacao\/wp-json\/wp\/v2\/pages"}],"about":[{"href":"https:\/\/www.dicas-l.com.br\/educacao\/wp-json\/wp\/v2\/types\/page"}],"author":[{"embeddable":true,"href":"https:\/\/www.dicas-l.com.br\/educacao\/wp-json\/wp\/v2\/users\/1"}],"replies":[{"embeddable":true,"href":"https:\/\/www.dicas-l.com.br\/educacao\/wp-json\/wp\/v2\/comments?post=504"}],"version-history":[{"count":75,"href":"https:\/\/www.dicas-l.com.br\/educacao\/wp-json\/wp\/v2\/pages\/504\/revisions"}],"predecessor-version":[{"id":1805,"href":"https:\/\/www.dicas-l.com.br\/educacao\/wp-json\/wp\/v2\/pages\/504\/revisions\/1805"}],"wp:attachment":[{"href":"https:\/\/www.dicas-l.com.br\/educacao\/wp-json\/wp\/v2\/media?parent=504"}],"curies":[{"name":"wp","href":"https:\/\/api.w.org\/{rel}","templated":true}]}}