{"id":2902,"date":"2025-02-06T11:10:00","date_gmt":"2025-02-06T14:10:00","guid":{"rendered":"https:\/\/www.dicas-l.com.br\/educacao\/?page_id=2902"},"modified":"2025-10-04T21:11:55","modified_gmt":"2025-10-05T00:11:55","slug":"lista-de-espera","status":"publish","type":"page","link":"https:\/\/www.dicas-l.com.br\/educacao\/lista-de-espera\/","title":{"rendered":"[PROGRAMACAO SHELL LINUX] LISTA DE ESPERA"},"content":{"rendered":"<p><span><img decoding=\"async\" alt=\"\" width=\"110\" height=\"258\" title=\"moon-arrow-2\" data-id=\"5807\" src=\"\/\/www.dicas-l.com.br\/educacao\/wp-content\/uploads\/tcb_lp_templates\/templates\/css\/images\/moon-arrow-2.png\" loading=\"lazy\" data-width=\"110\" data-height=\"258\" data-init-width=\"80\" data-init-height=\"188\" style=\"aspect-ratio: auto 80 \/ 188;\"><\/span><span style=\"width: 100%;\"><img decoding=\"async\" alt=\"\" width=\"374\" height=\"374\" title=\"JULIO_NEVES+LIVROS\" data-id=\"1454\" src=\"https:\/\/www.dicas-l.com.br\/educacao\/wp-content\/uploads\/2021\/11\/JULIO_NEVESLIVROS.png\" style=\"aspect-ratio: auto 500 \/ 500;\" data-width=\"374\" data-height=\"374\" data-init-width=\"500\" data-init-height=\"500\" loading=\"lazy\"><\/span><\/p>\n<h3 style=\"text-align: left;\">Fa\u00e7a seu cadastro em nossa Lista de Espera<\/h3>\n<p style=\"text-align: left;\"><strong>Voc\u00ea gostaria de ser informado sobre a abertura de novas turmas do Curso Programa\u00e7\u00e3o Shell Linux?<\/strong><\/p>\n<p style=\"text-align: left;\">Preencha os dados no formul\u00e1rio ao lado para se cadastrar em nossa lista de espera e receber notifica\u00e7\u00f5es sobre as novas turmas\u2026<\/p>\n<p>              Enviar   <\/p>\n<p style=\"\">De acordo com as Leis 12.965\/2014 e 13.709\/2018, que regulam o uso da Internet e o tratamento de dados pessoais no Brasil, ao me inscrever para fazer o download do ebook &#8220;<strong>D\u00e1 pra fazer em SHELL?<\/strong>&#8220;, autorizo o envio de notifica\u00e7\u00f5es por e-mail ou outros meios e declaro estar ciente e concordar com os&nbsp;<a href=\"https:\/\/www.dicas-l.com.br\/politicadeprivacidade.php\" style=\"outline: none;\"><strong>Termos de Uso e Pol\u00edtica de Privacidade<\/strong><\/a> do portal DICAS-L Educa\u00e7\u00e3o.<\/p>\n<p style=\"text-align: center;\">LIVRATE &#8211; TECNOLOGIA E EDUCA\u00c7\u00c3O EM SOFTWARE LIVRE<\/p>\n<p style=\"text-align: center;\">\u00a9 Todos os direitos reservados<u><\/u><\/p>\n","protected":false},"excerpt":{"rendered":"<p>Fa\u00e7a seu cadastro em nossa Lista de Espera Voc\u00ea gostaria de ser informado sobre a abertura de novas turmas do Curso Programa\u00e7\u00e3o Shell Linux? Preencha os dados no formul\u00e1rio ao lado para se cadastrar em nossa lista de espera e receber notifica\u00e7\u00f5es sobre as novas turmas\u2026 Enviar De acordo com as Leis 12.965\/2014 e 13.709\/2018, [&hellip;]<\/p>\n","protected":false},"author":1,"featured_media":0,"parent":0,"menu_order":0,"comment_status":"closed","ping_status":"closed","template":"","meta":{"_joinchat":[],"footnotes":""},"class_list":["post-2902","page","type-page","status-publish","hentry"],"_links":{"self":[{"href":"https:\/\/www.dicas-l.com.br\/educacao\/wp-json\/wp\/v2\/pages\/2902","targetHints":{"allow":["GET"]}}],"collection":[{"href":"https:\/\/www.dicas-l.com.br\/educacao\/wp-json\/wp\/v2\/pages"}],"about":[{"href":"https:\/\/www.dicas-l.com.br\/educacao\/wp-json\/wp\/v2\/types\/page"}],"author":[{"embeddable":true,"href":"https:\/\/www.dicas-l.com.br\/educacao\/wp-json\/wp\/v2\/users\/1"}],"replies":[{"embeddable":true,"href":"https:\/\/www.dicas-l.com.br\/educacao\/wp-json\/wp\/v2\/comments?post=2902"}],"version-history":[{"count":10,"href":"https:\/\/www.dicas-l.com.br\/educacao\/wp-json\/wp\/v2\/pages\/2902\/revisions"}],"predecessor-version":[{"id":3131,"href":"https:\/\/www.dicas-l.com.br\/educacao\/wp-json\/wp\/v2\/pages\/2902\/revisions\/3131"}],"wp:attachment":[{"href":"https:\/\/www.dicas-l.com.br\/educacao\/wp-json\/wp\/v2\/media?parent=2902"}],"curies":[{"name":"wp","href":"https:\/\/api.w.org\/{rel}","templated":true}]}}