{"id":2363,"date":"2023-05-05T10:55:03","date_gmt":"2023-05-05T13:55:03","guid":{"rendered":"https:\/\/www.dicas-l.com.br\/educacao\/?page_id=2363"},"modified":"2024-04-08T21:42:00","modified_gmt":"2024-04-09T00:42:00","slug":"lives","status":"publish","type":"page","link":"https:\/\/www.dicas-l.com.br\/educacao\/lives\/","title":{"rendered":"[LIVES DICAS-L EDUCA\u00c7\u00c3O] CADASTRO"},"content":{"rendered":"<p><span style=\"\"><img decoding=\"async\" alt=\"\" data-id=\"2500\" width=\"148\" data-init-width=\"301\" height=\"71\" data-init-height=\"71\" title=\"Logo_Cafe_Com_Shell\" loading=\"lazy\" src=\"https:\/\/www.dicas-l.com.br\/educacao\/wp-content\/uploads\/2023\/09\/Logo_Cafe_Com_Shell-2.png\" data-width=\"148\" style=\"aspect-ratio: auto 301 \/ 71;\" ml-d=\"0\" mt-d=\"0\"><\/span><\/p>\n<h1 style=\"text-align: center;\">Caf\u00e9 com Shell<\/h1>\n<h1 style=\"text-align: center;\"><span style=\"\">Inscri\u00e7\u00f5es Gratuitas<\/span><\/h1>\n<p><span><img decoding=\"async\" alt=\"\" data-id=\"2403\" width=\"150\" data-init-width=\"500\" height=\"500\" data-init-height=\"500\" title=\"Caf\u00e9 com Shell (500&nbsp;\u00d7&nbsp;500&nbsp;px)\" loading=\"lazy\" src=\"https:\/\/www.dicas-l.com.br\/educacao\/wp-content\/uploads\/2023\/05\/Cafe-com-Shell-500-\u00d7-500-px-6.png\" data-width=\"150\" style=\"aspect-ratio: auto 500 \/ 500;\"><\/span><\/p>\n<p><span style=\"text-shadow: 2px 2px 2px rgba(0, 0, 0, 0.25);\">Bem-vindo ao <strong><span style=\"color: rgb(40, 44, 61);\">Caf\u00e9 com Shell<\/span><\/strong>, uma s\u00e9rie de podcasts para todos os entusiastas da tecnologia computacional e do software livre! Aqui, vamos explorar as tend\u00eancias, as novidades e as inova\u00e7\u00f5es do mundo da tecnologia, sempre com foco na liberdade do usu\u00e1rio e na democratiza\u00e7\u00e3o da informa\u00e7\u00e3o.<\/span><\/p>\n<p><span style=\"text-shadow: 2px 2px 2px rgba(0, 0, 0, 0.25);\">Ao longo da s\u00e9rie, vamos discutir diversos t\u00f3picos relacionados \u00e0 tecnologia e ao software livre, desde a filosofia por tr\u00e1s do movimento at\u00e9 as tecnologias mais avan\u00e7adas. Vamos falar sobre a hist\u00f3ria do software livre, suas aplica\u00e7\u00f5es pr\u00e1ticas, sua import\u00e2ncia para a privacidade e seguran\u00e7a, entre outros temas relevantes.<\/span><\/p>\n<p><span style=\"text-shadow: 2px 2px 2px rgba(0, 0, 0, 0.25);\">Al\u00e9m disso, vamos trazer convidados especiais que s\u00e3o refer\u00eancias em suas \u00e1reas e que v\u00e3o compartilhar suas experi\u00eancias e opini\u00f5es com nossa audi\u00eancia. Vamos discutir desde a tecnologia para iniciantes at\u00e9 as tend\u00eancias mais avan\u00e7adas e disruptivas do mercado.<\/span><\/p>\n<p><span style=\"text-shadow: 2px 2px 2px rgba(0, 0, 0, 0.25);\">Se voc\u00ea \u00e9 um entusiasta da tecnologia e do software livre, ou simplesmente est\u00e1 curioso para aprender mais sobre esse universo, este podcast \u00e9 para voc\u00ea! Ent\u00e3o, junte-se a n\u00f3s e vamos explorar juntos o mundo da tecnologia e do software livre.<\/span><\/p>\n<h2>Inscri\u00e7\u00e3o<\/h2>\n<p>Quero me inscrever!<\/p>\n<p style=\"margin: 0 20px 0 20px;font-size: 10pt;line-height: 1.2em\">De acordo com as Leis 12.965\/2014 e 13.709\/2018, que regulam o uso da Internet e o tratamento de dados pessoais no Brasil, ao me inscrever na newsletter de divulga\u00e7\u00e3o do portal <strong>DICAS-L<\/strong>, autorizo o envio de notifica\u00e7\u00f5es por e-mail ou outros meios e declaro estar ciente e concordar com seus <a href=\"http:\/\/www.dicas-l.com.br\/termos-de-uso-e-servico.php\">Termos de Uso<\/a> e <a href=\"http:\/\/www.dicas-l.com.br\/politicadeprivacidade.php\" target=\"_blank\" rel=\"noopener\">Pol\u00edtica de Privacidade.<\/a><\/p>\n<h3 style=\"\">Programa\u00e7\u00e3o<\/h3>\n<table id=\"palestras\">\n<tbody>\n<tr>\n<th>Data<\/th>\n<th>Hor\u00e1rio<\/th>\n<th>Palestra<\/th>\n<th>Palestrante<\/th>\n<\/tr>\n<tr>\n<td>09\/04\/2024<\/td>\n<td>20h<\/td>\n<td><a href=\"https:\/\/youtu.be\/lLA4hSTbdNU\">Dominando Coringas no Shell: Expans\u00f5es e Estruturas Avan\u00e7adas<\/a><\/td>\n<td>Julio Neves<\/td>\n<\/tr>\n<\/tbody>\n<\/table>\n<h2>Palestras Anteriores<\/h2>\n<ol>\n<li><a href=\"https:\/\/youtube.com\/live\/4PuUQY5xvyg\" target=\"_blank\" style=\"outline: none;\" rel=\"noopener\">Primeiros Passos no Shell Linux Bash &#8211; Aprenda com o Mestre Julio Neves<\/a> (07\/03\/2024)<\/li>\n<li><a href=\"https:\/\/youtube.com\/live\/iAJAgfAFyzk\" target=\"_blank\" rel=\"noopener\"><\/a><a href=\"https:\/\/youtube.com\/live\/iAJAgfAFyzk\" target=\"_blank\" style=\"outline: none;\" rel=\"noopener\">Mensagens Instant\u00e2neas &#8211; Desvendando o notify-send do Linux<\/a> (26\/02\/2024)<\/li>\n<li><a href=\"https:\/\/www.youtube.com\/watch?v=wd4gCMNqcRo\" target=\"_blank\" style=\"outline: none;\" rel=\"noopener\">Como \u00e9 r\u00e1pido programar em Shell<\/a> (07\/02\/2024)<\/li>\n<li><a href=\"https:\/\/youtu.be\/JhK18mN9BYA\" target=\"_blank\" style=\"outline: none;\" rel=\"noopener\">Estruturas de Controle de La\u00e7o no Shell Linux: Parte 2<\/a> (08\/08\/2023)<\/li>\n<li><a href=\"https:\/\/youtu.be\/nM3wmTjpSc4\" target=\"_blank\" style=\"outline: none;\" rel=\"noopener\">Estruturas de Controle de La\u00e7o no Shell Linux: Parte 1<\/a> (01\/08\/2023)<\/li>\n<li><a href=\"https:\/\/youtu.be\/ai15aQRN4B8\" style=\"outline: none;\">BigLinux: Em busca do sistema Perfeito<\/a>&nbsp;(18\/07\/2023)<\/li>\n<li><a href=\"https:\/\/www.youtube.com\/watch?v=N3ItLCLJ-uA\" style=\"outline: none;\">2023: Seguran\u00e7a e Privacidade no dia a dia digital<\/a> (11\/07\/2023)<\/li>\n<li><a href=\"https:\/\/youtu.be\/l7LZYwLVb9s\" target=\"_blank\" style=\"outline: none;\" rel=\"noopener\">O Uso do Software Livre em Suas Produ\u00e7\u00f5es Criativas<\/a> (04\/07\/2023)<\/li>\n<li><a href=\"https:\/\/youtu.be\/lZhsUUc6kGY?rel=0\" target=\"_blank\" style=\"outline: none;\" rel=\"noopener\">Expans\u00e3o de Par\u00e2metros (4): O etc\u00e9tera<\/a> (20\/06\/2023)<\/li>\n<li><a href=\"https:\/\/www.youtube.com\/watch?v=o7yQbo0lxio\" target=\"_blank\" style=\"outline: none;\" rel=\"noopener\">Expans\u00e3o de Par\u00e2metros (3): Substituindo fun\u00e7\u00f5es<\/a> (13\/06\/2023)<\/li>\n<li><a href=\"https:\/\/youtu.be\/HZnwThEh4HU?rel=0\" target=\"_blank\" style=\"outline: none;\" rel=\"noopener\">Expans\u00e3o de Par\u00e2metros (2): Manipula\u00e7\u00e3o de cadeias<\/a> (06\/06\/2023)<\/li>\n<li><a href=\"https:\/\/youtu.be\/a3sjiNMTF_s?rel=0\" target=\"_blank\" style=\"outline: none;\" rel=\"noopener\">Expans\u00e3o de Par\u00e2metros (1): Introdu\u00e7\u00e3o e apresenta\u00e7\u00e3o do comando shopt<\/a> (30\/05\/2023)<\/li>\n<li><a href=\"https:\/\/youtu.be\/nqzwGihLmk4?rel=0\" style=\"outline: none;\">Bacula: Solu\u00e7\u00e3o Livre para Backups Corporativos<\/a>&nbsp;(23\/05\/2023)<\/li>\n<li><a href=\"https:\/\/youtu.be\/gikZz0FIYVA?rel=0\" target=\"_blank\" style=\"outline: none;\" rel=\"noopener\">A Filosofia do Unix<\/a> (16\/05\/2023)<\/li>\n<li><a href=\"https:\/\/youtu.be\/y0EB2bUWRbU?rel=0\" target=\"_blank\" style=\"outline: none;\" rel=\"noopener\">A Evolu\u00e7\u00e3o(?) da Inform\u00e1tica Brasileira<\/a> (09\/05\/2023)<\/li>\n<\/ol>\n<p><span style=\"\"><img decoding=\"async\" alt=\"\" data-id=\"1454\" width=\"332\" data-init-width=\"500\" height=\"500\" data-init-height=\"500\" title=\"JULIO_NEVES+LIVROS\" loading=\"lazy\" src=\"https:\/\/www.dicas-l.com.br\/educacao\/wp-content\/uploads\/2021\/11\/JULIO_NEVESLIVROS.png\" data-width=\"332\" data-ll-status=\"loaded\" ml-d=\"0\" center-h-d=\"false\" style=\"aspect-ratio: auto 500 \/ 500;\" data-lazy-src=\"https:\/\/www.dicas-l.com.br\/educacao\/wp-content\/uploads\/2023\/05\/Rubens_Redondo.png\" mt-d=\"0\"><img decoding=\"async\" alt=\"Rubens Queiroz\" data-id=\"9731\" width=\"107\" data-init-width=\"500\" height=\"107\" data-init-height=\"500\" title=\"\" loading=\"lazy\" src=\"https:\/\/www.dicas-l.com.br\/educacao\/wp-content\/uploads\/2023\/05\/Rubens_Redondo.png\" data-width=\"107\" data-height=\"107\" data-ll-status=\"loaded\" ml-d=\"0\" center-h-d=\"false\" style=\"\"><img decoding=\"async\" alt=\"Rubens Queiroz\" data-id=\"9731\" width=\"364\" data-init-width=\"500\" height=\"364\" data-init-height=\"500\" title=\"\" loading=\"lazy\" src=\"https:\/\/www.dicas-l.com.br\/educacao\/wp-content\/uploads\/2023\/05\/Rubens_Redondo.png\" data-width=\"364\" data-height=\"364\"><\/span><\/p>\n<h3><span>Julio Cezar Neves<\/span><\/h3>\n<p><span style=\"font-size: 18px;\">Trabalhou por 8 anos na empresa Cobra Computadores e Sistemas Brasileiros, que foi a primeira empresa brasileira a desenvolver, fabricar e comercializar computadores. Participou da equipe de desenvolvimento do SOX, que foi o 4\u00ba sistema operacional reconhecido com padr\u00e3o Unix e que \u00e9 o \u00fanico sistema, at\u00e9 hoje, desenvolvido fora dos Estados Unidos. Al\u00e9m de ter trabalhado na cria\u00e7\u00e3o de diversas ferramentas para o mercado banc\u00e1rio brasileiro que, para se adaptar a uma infla\u00e7\u00e3o de 80% ao m\u00eas, tornou-se o sistema mais \u00e1gil e eficiente e exportou a nossa tecnologia de hardware e software banc\u00e1rio para todo o mundo. Possui mais de 35 anos de experi\u00eancia em sistemas com a filosofia Unix e sua viv\u00eancia com o desenvolvimento de sistemas operacionais e muitas linguagens de programa\u00e7\u00e3o, lhe permitiu estudar a fundo o c\u00f3digo da shell Bash e descobrir recursos n\u00e3o documentados que facilitam enormemente a vida de quem programa. \u00c9 autor do bestseller <a href=\"https:\/\/www.dicas-l.com.br\/educacao\/livro-programacao-shell-linux\/\" target=\"_blank\" rel=\"noopener\"><strong data-ss-id=\"rwTH00046e39d1ff0543ae09b20c27396f7c\">Programa\u00e7\u00e3o Shell Linux<\/strong><\/a>, atualmente na 13\u00aa edi\u00e7\u00e3o, e do livro&nbsp;<\/span><strong><a data-ss-id=\"rwTHb0fab636ecb42cff8da263eaa16d83c5\" href=\"https:\/\/amzn.to\/3cJilhM\" target=\"_blank\" style=\"outline: none;\" rel=\"noopener\"><span style=\"font-size: 18px;\">Bombando o Shell &#8211; Caixa de Ferramentas Gr\u00e1ficas do Shell Linux.<\/span><\/a><\/strong><\/p>\n<h3><span style=\"text-shadow: rgba(0, 0, 0, 0.25) 2px 2px 2px;\">Rubens Queiroz de Almeida<\/span><\/h3>\n<\/p>\n<p style=\"\">Criador do portal Dicas-L, um dos primeiros portais no Brasil a tratar de software livre em geral. Engenheiro eletricista, trabalhou no Centro de Computa\u00e7\u00e3o da Unicamp de 1988 a 2019. Possui grande experi\u00eancia em sistemas operacionais Unix e derivados, protocolos TCP\/IP e aplicativos e tecnologias Web. Experiente instrutor e palestrante, com participa\u00e7\u00e3o em diversos simp\u00f3sios e eventos no Brasil e no exterior.<\/p>\n<p><span style=\"\"><img decoding=\"async\" alt=\"\" data-id=\"1427\" width=\"250\" data-init-width=\"500\" height=\"500\" data-init-height=\"500\" title=\"Rubens_Redondo\" loading=\"lazy\" src=\"https:\/\/www.dicas-l.com.br\/educacao\/wp-content\/uploads\/2021\/11\/Rubens_Redondo-1.png\" data-width=\"250\" data-ll-status=\"loaded\" ml-d=\"-0.18799999999998818\" center-h-d=\"false\" style=\"aspect-ratio: auto 500 \/ 500;\" data-lazy-src=\"https:\/\/www.dicas-l.com.br\/educacao\/wp-content\/uploads\/2023\/05\/Rubens_Redondo.png\" mt-d=\"0\"><img decoding=\"async\" alt=\"Rubens Queiroz\" data-id=\"9731\" width=\"107\" data-init-width=\"500\" height=\"107\" data-init-height=\"500\" title=\"\" loading=\"lazy\" src=\"https:\/\/www.dicas-l.com.br\/educacao\/wp-content\/uploads\/2023\/05\/Rubens_Redondo.png\" data-width=\"107\" data-height=\"107\" data-ll-status=\"loaded\" ml-d=\"0\" center-h-d=\"false\" style=\"\"><img decoding=\"async\" alt=\"Rubens Queiroz\" data-id=\"9731\" width=\"364\" data-init-width=\"500\" height=\"364\" data-init-height=\"500\" title=\"\" loading=\"lazy\" src=\"https:\/\/www.dicas-l.com.br\/educacao\/wp-content\/uploads\/2023\/05\/Rubens_Redondo.png\" data-width=\"364\" data-height=\"364\"><\/span><\/p>\n","protected":false},"excerpt":{"rendered":"<p>Caf\u00e9 com Shell Inscri\u00e7\u00f5es Gratuitas Bem-vindo ao Caf\u00e9 com Shell, uma s\u00e9rie de podcasts para todos os entusiastas da tecnologia computacional e do software livre! Aqui, vamos explorar as tend\u00eancias, as novidades e as inova\u00e7\u00f5es do mundo da tecnologia, sempre com foco na liberdade do usu\u00e1rio e na democratiza\u00e7\u00e3o da informa\u00e7\u00e3o. Ao longo da s\u00e9rie, [&hellip;]<\/p>\n","protected":false},"author":1,"featured_media":0,"parent":0,"menu_order":0,"comment_status":"closed","ping_status":"closed","template":"","meta":{"_joinchat":[],"footnotes":""},"class_list":["post-2363","page","type-page","status-publish","hentry"],"_links":{"self":[{"href":"https:\/\/www.dicas-l.com.br\/educacao\/wp-json\/wp\/v2\/pages\/2363","targetHints":{"allow":["GET"]}}],"collection":[{"href":"https:\/\/www.dicas-l.com.br\/educacao\/wp-json\/wp\/v2\/pages"}],"about":[{"href":"https:\/\/www.dicas-l.com.br\/educacao\/wp-json\/wp\/v2\/types\/page"}],"author":[{"embeddable":true,"href":"https:\/\/www.dicas-l.com.br\/educacao\/wp-json\/wp\/v2\/users\/1"}],"replies":[{"embeddable":true,"href":"https:\/\/www.dicas-l.com.br\/educacao\/wp-json\/wp\/v2\/comments?post=2363"}],"version-history":[{"count":48,"href":"https:\/\/www.dicas-l.com.br\/educacao\/wp-json\/wp\/v2\/pages\/2363\/revisions"}],"predecessor-version":[{"id":2731,"href":"https:\/\/www.dicas-l.com.br\/educacao\/wp-json\/wp\/v2\/pages\/2363\/revisions\/2731"}],"wp:attachment":[{"href":"https:\/\/www.dicas-l.com.br\/educacao\/wp-json\/wp\/v2\/media?parent=2363"}],"curies":[{"name":"wp","href":"https:\/\/api.w.org\/{rel}","templated":true}]}}