{"id":1549,"date":"2022-02-03T12:26:32","date_gmt":"2022-02-03T15:26:32","guid":{"rendered":"https:\/\/www.dicas-l.com.br\/educacao\/?page_id=1549"},"modified":"2025-09-26T13:36:57","modified_gmt":"2025-09-26T16:36:57","slug":"semana-da-programacao-shell-linux","status":"publish","type":"page","link":"https:\/\/www.dicas-l.com.br\/educacao\/semana-da-programacao-shell-linux\/","title":{"rendered":"[SEMANA DA PROGRAMA\u00c7\u00c3O SHELL LINUX] INSCRI\u00c7\u00d5ES ABERTAS"},"content":{"rendered":"\n<p style=\"text-align: left;\"><strong>Participe da <span style=\"color: rgb(220, 0, 0);\" data-ss-id=\"rwTHfa5137701d87e31fa28fbbbb3136b35f\">Semana da Programa\u00e7\u00e3o Shell Linux<\/span>, um evento <span style=\"color: rgb(220, 0, 0);\" data-ss-id=\"rwTHadbe740f06b811f1d64829a9bcbf91c9\">100% online e gratuito<\/span>, com os Professores Julio Neves e Rubens Queiroz, e <span style=\"--tcb-applied-color: rgb(220, 0, 0) !important; color: rgb(220, 0, 0) !important;\">descubra como adquirir uma compet\u00eancia em alta no mercado mesmo sem saber programar.<\/span><\/strong><\/p>\n<p style=\"text-align: left;\">\n<p style=\"text-align: center;\"><strong data-ss-id=\"rwTH27ab395eee121814a881d531cae7bf07\">22, 24 e 25 de setembro<\/strong><\/p>\n<p style=\"text-align: center;\"><strong data-ss-id=\"rwTH27ab395eee121814a881d531cae7bf07\">de 2025<\/strong><\/p>\n<h2 style=\"text-align: center;\" data-ss-id=\"rwTHaae9b5367ae25b7f539523a461abb8c6\">Inscri\u00e7\u00e3o<\/h2>\n<p>            Inscri\u00e7\u00e3o &#8211; Semana da Programa\u00e7\u00e3o Shell Linux                                                    <span id=\"email-error\">Por favor, insira um endere\u00e7o de e-mail v\u00e1lido.<\/span>            Enviar            [tcb-script]    document.getElementById(&#8216;registrationForm&#8217;).addEventListener(&#8216;submit&#8217;, function(event) {        const emailInput = document.getElementById(&#8216;email&#8217;);        const emailError = document.getElementById(&#8216;email-error&#8217;);        const email = emailInput.value;        \/\/ Express\u00e3o regular para validar o formato do e-mail        \/\/ Esta \u00e9 a mesma regex que voc\u00ea j\u00e1 tinha, que \u00e9 bastante robusta.        const emailPattern = \/^[a-zA-Z0-9._%+-]+@[a-zA-Z0-9.-]+.[a-zA-Z]{2,}$\/;        if (!emailPattern.test(email)) {            emailError.style.display = &#8216;block&#8217;; \/\/ Mostra a mensagem de erro            emailInput.focus(); \/\/ Coloca o foco no campo de e-mail            event.preventDefault(); \/\/ Interrompe o envio do formul\u00e1rio        } else {            emailError.style.display = &#8216;none&#8217;; \/\/ Oculta a mensagem de erro se o e-mail for v\u00e1lido        }    });[\/tcb-script]<\/p>\n<p style=\"\">De acordo com as Leis 12.965\/2014 e 13.709\/2018, que regulam o uso da Internet e o tratamento de dados pessoais no Brasil, ao me inscrever na newsletter de divulga\u00e7\u00e3o do portal <strong data-ss-id=\"rwTH8a8ec4c8d6145e603e8158c5b0517223\">DICAS-L EDUCA\u00c7\u00c3O<\/strong>, autorizo o envio de notifica\u00e7\u00f5es por e-mail ou outros meios e declaro estar ciente e concordar com seus <a href=\"http:\/\/www.dicas-l.com.br\/termos-de-uso-e-servico.php\" style=\"outline: none;\" target=\"_blank\" data-ss-id=\"rwTH1847c3242a86c700fdd727c7a0af4cf1\">Termos de Uso e Pol\u00edtica de Privacidade.<\/a><\/p>\n<p>   <span><a href=\"https:\/\/youtu.be\/PajJ1GUfyQg\" target=\"_blank\"><img decoding=\"async\" alt=\"\" data-id=\"3137\" width=\"380\" data-init-width=\"1280\" height=\"214\" data-init-height=\"720\" title=\"YT-SEMANA_LINUX-AULA_1\" loading=\"lazy\" src=\"https:\/\/www.dicas-l.com.br\/educacao\/wp-content\/uploads\/2025\/06\/YT-SEMANA_LINUX-AULA_1.png\" data-width=\"380\" data-link-wrap=\"true\" style=\"aspect-ratio: auto 1280 \/ 720;\" data-height=\"214\"><\/a><\/span><span><a href=\"https:\/\/youtu.be\/H8Nv_Io-eHM\" target=\"_blank\"><img decoding=\"async\" alt=\"\" data-id=\"3136\" width=\"380\" data-init-width=\"1280\" height=\"214\" data-init-height=\"720\" title=\"YT-SEMANA_LINUX-AULA_2\" loading=\"lazy\" src=\"https:\/\/www.dicas-l.com.br\/educacao\/wp-content\/uploads\/2025\/06\/YT-SEMANA_LINUX-AULA_2.png\" data-width=\"380\" data-link-wrap=\"true\" data-height=\"214\" style=\"aspect-ratio: auto 1280 \/ 720;\"><\/a><\/span><span><a href=\"https:\/\/youtu.be\/4U3T8Ad6kaA\" target=\"_blank\"><img decoding=\"async\" alt=\"\" data-id=\"3135\" width=\"380\" data-init-width=\"1280\" height=\"214\" data-init-height=\"720\" title=\"YT-SEMANA_LINUX-AULA_3\" loading=\"lazy\" src=\"https:\/\/www.dicas-l.com.br\/educacao\/wp-content\/uploads\/2025\/06\/YT-SEMANA_LINUX-AULA_3.png\" data-width=\"380\" data-link-wrap=\"true\" style=\"aspect-ratio: auto 1280 \/ 720;\" data-height=\"214\"><\/a><\/span>   <\/p>\n<h2 style=\"\" data-ss-id=\"rwTH0de461d5905b8276f9b44e40ec826c94\">Professores<\/h2>\n<p><span><img decoding=\"async\" alt=\"\" data-id=\"39\" width=\"175\" data-init-width=\"500\" height=\"175\" data-init-height=\"500\" title=\"Julio-Neves-Fundo-Transparente\" src=\"https:\/\/www.dicas-l.com.br\/educacao\/wp-content\/uploads\/2021\/02\/Julio-Neves-Fundo-Transparente.png\" data-width=\"175\" data-height=\"175\" style=\"aspect-ratio: auto 500 \/ 500;\" loading=\"lazy\"><\/span><\/p>\n<h3 style=\"\" data-ss-id=\"rwTHf80c484d0d5cb484ffaf7b5fb85ed77f\">Julio Cezar Neves<\/h3>\n<p style=\"\">O Professor Julio Neves \u00e9 uma figura proeminente no cen\u00e1rio brasileiro de tecnologia, especialmente reconhecido por sua expertise em Unix e shell scripting. Ele \u00e9 conhecido carinhosamente como o &#8220;Papai do Shell&#8221; no Brasil devido \u00e0 sua profunda compreens\u00e3o e contribui\u00e7\u00e3o ao ensino de shell scripting. Com uma carreira dedicada ao compartilhamento de conhecimento, Julio Neves tem sido uma inspira\u00e7\u00e3o para muitos programadores e administradores de sistemas.Julio Neves \u00e9 o autor de livros fundamentais, como &#8220;Programa\u00e7\u00e3o Shell Linux&#8221;, que se tornou um guia essencial para qualquer pessoa interessada em desenvolver habilidades de script no ambiente Linux. Seus livros s\u00e3o apreciados por sua abordagem clara, did\u00e1tica e pr\u00e1tica, facilitando a compreens\u00e3o de conceitos complexos de maneira acess\u00edvel. Al\u00e9m disso, ele contribui ativamente em eventos de tecnologia e confer\u00eancias, promovendo o uso do software livre e compartilhando suas experi\u00eancias e conhecimentos t\u00e9cnicos.Sua paix\u00e3o por ensinar e seu comprometimento em tornar o aprendizado de tecnologias acess\u00edveis s\u00e3o fatores que solidificaram sua reputa\u00e7\u00e3o como um educador e especialista de renome no campo da tecnologia no Brasil. Al\u00e9m dos livros, suas apresenta\u00e7\u00f5es e workshops s\u00e3o marcados por um estilo envolvente, combinando humor e t\u00e9cnica, o que aumenta ainda mais seu prest\u00edgio na comunidade tecnol\u00f3gica brasileira.<\/p>\n<h3 style=\"\"><span style=\"text-transform: none;\" data-ss-id=\"rwTH51f22fd6a15686ed07a652a3f7297d0d\">Rubens Queiroz de Almeida<\/span><\/h3>\n<p style=\"\">Rubens Queiroz de Almeida \u00e9 uma figura respeitada no cen\u00e1rio de tecnologia e software livre no Brasil. Ele \u00e9 mais conhecido por ser o fundador e mantenedor do portal Dicas-L (dicas-l.com.br), um dos principais recursos para entusiastas e profissionais de TI que buscam informa\u00e7\u00f5es e tutoriais sobre Linux, Unix e software livre em geral.Rubens Queiroz \u00e9 um defensor apaixonado do uso de software livre nos mais diversos \u00e2mbitos, contribuindo para a difus\u00e3o deste conhecimento atrav\u00e9s de suas publica\u00e7\u00f5es e participa\u00e7\u00f5es em eventos e confer\u00eancias de tecnologia. Sua trajet\u00f3ria \u00e9 marcada pelo compromisso com a educa\u00e7\u00e3o e o compartilhamento de saberes, usando o portal Dicas-L como uma plataforma para disseminar conte\u00fado educativo e de f\u00e1cil acesso.Ao longo de sua carreira, ele ajudou muitos usu\u00e1rios a superar desafios t\u00e9cnicos e a melhorar suas habilidades por meio de artigos claros, exemplos pr\u00e1ticos e dicas \u00fateis. Seu trabalho tem sido uma fonte de inspira\u00e7\u00e3o para comunidades de software livre, destacando a import\u00e2ncia do acesso aberto ao conhecimento e da colabora\u00e7\u00e3o m\u00fatua. A dedica\u00e7\u00e3o de Rubens a essas causas continua a ter um impacto significativo no desenvolvimento e na ado\u00e7\u00e3o de tecnologias livres no Brasil.<\/p>\n<p><span><img decoding=\"async\" alt=\"\" data-id=\"50\" width=\"177\" data-init-width=\"500\" height=\"177\" data-init-height=\"500\" title=\"RubensQueiroz - Fundo Transparente\" src=\"https:\/\/www.dicas-l.com.br\/educacao\/wp-content\/uploads\/2021\/02\/RubensQueiroz-Fundo-Transparente-1.png\" data-width=\"177\" data-height=\"177\" style=\"aspect-ratio: auto 500 \/ 500;\" loading=\"lazy\"><\/span>   <\/p>\n<h2 style=\"\" data-ss-id=\"rwTH0b1fa5b0591f00d2678947aaba9db9c5\">Fale Conosco<\/h2>\n<p style=\"text-align: center;\"><strong><span style=\"font-size: 14px;\" data-ss-id=\"rwTHa07d279f5d12b64f8ef2ce10e6fc94f4\">Voc\u00ea tamb\u00e9m pode entrar em conosco pelo email <\/span><a href=\"mailto:educacao@Dicas-L.com.br\" target=\"_blank\" style=\"outline: none;\"><span style=\"font-size: 14px;\" data-ss-id=\"rwTHc47d8f67afa9f003e46a19bdccde987a\">educacao@Dicas-L.com.br<\/span><\/a><span style=\"font-size: 14px;\"> ou pelo WhatsApp <a href=\"https:\/\/api.whatsapp.com\/send?1=pt_BR&amp;phone=5519997575191\" target=\"_blank\" style=\"outline: none;\" data-ss-id=\"rwTH8a5a31ec4f616bc9d3740eb1aff13a58\">WhatsApp (+55 19 997 575 191)<\/a>&nbsp;que teremos o maior prazer em atend\u00ea-lo.<\/span><\/strong><\/p>\n<p style=\"text-align: center;\">\n<p style=\"text-align: center;\" data-ss-id=\"rwTH50de9d3f79f223e11672809ccb188a12\">LIVRATE &#8211; TECNOLOGIA E EDUCA\u00c7\u00c3O EM SOFTWARE LIVRE<\/p>\n<p style=\"text-align: center;\">\u00a9 Todos os direitos reservados<u><\/u><\/p>\n","protected":false},"excerpt":{"rendered":"<p>Participe da Semana da Programa\u00e7\u00e3o Shell Linux, um evento 100% online e gratuito, com os Professores Julio Neves e Rubens Queiroz, e descubra como adquirir uma compet\u00eancia em alta no mercado mesmo sem saber programar. 22, 24 e 25 de setembro de 2025 Inscri\u00e7\u00e3o Inscri\u00e7\u00e3o &#8211; Semana da Programa\u00e7\u00e3o Shell Linux Por favor, insira um [&hellip;]<\/p>\n","protected":false},"author":1,"featured_media":0,"parent":0,"menu_order":0,"comment_status":"closed","ping_status":"closed","template":"","meta":{"_joinchat":[],"footnotes":""},"class_list":["post-1549","page","type-page","status-publish","hentry"],"_links":{"self":[{"href":"https:\/\/www.dicas-l.com.br\/educacao\/wp-json\/wp\/v2\/pages\/1549","targetHints":{"allow":["GET"]}}],"collection":[{"href":"https:\/\/www.dicas-l.com.br\/educacao\/wp-json\/wp\/v2\/pages"}],"about":[{"href":"https:\/\/www.dicas-l.com.br\/educacao\/wp-json\/wp\/v2\/types\/page"}],"author":[{"embeddable":true,"href":"https:\/\/www.dicas-l.com.br\/educacao\/wp-json\/wp\/v2\/users\/1"}],"replies":[{"embeddable":true,"href":"https:\/\/www.dicas-l.com.br\/educacao\/wp-json\/wp\/v2\/comments?post=1549"}],"version-history":[{"count":321,"href":"https:\/\/www.dicas-l.com.br\/educacao\/wp-json\/wp\/v2\/pages\/1549\/revisions"}],"predecessor-version":[{"id":3171,"href":"https:\/\/www.dicas-l.com.br\/educacao\/wp-json\/wp\/v2\/pages\/1549\/revisions\/3171"}],"wp:attachment":[{"href":"https:\/\/www.dicas-l.com.br\/educacao\/wp-json\/wp\/v2\/media?parent=1549"}],"curies":[{"name":"wp","href":"https:\/\/api.w.org\/{rel}","templated":true}]}}