{"id":1432,"date":"2021-11-04T21:53:31","date_gmt":"2021-11-05T00:53:31","guid":{"rendered":"https:\/\/www.dicas-l.com.br\/educacao\/?page_id=1432"},"modified":"2021-11-13T21:18:37","modified_gmt":"2021-11-14T00:18:37","slug":"isl06-a-filosofia-do-linux","status":"publish","type":"page","link":"https:\/\/www.dicas-l.com.br\/educacao\/isl06-a-filosofia-do-linux\/","title":{"rendered":"[ISL06] A FILOSOFIA DO LINUX"},"content":{"rendered":"<h2 style=\"\">INTRODU\u00c7\u00c3O AO SHELL LINUX &#8211; AULA 3<\/h2>\n<h2 style=\"\">Descri\u00e7\u00e3o<\/h2>\n<p style=\"\"><span>Esta aula procura explicar o que est\u00e1 por tr\u00e1s do estrondoso sucesso de sistemas baseados em GNU\/Linux. O GNU\/Linux se baseia na filosofia dos criadores do sistema operacional Unix e que tem por base diversos pilares, que resultaram em um c\u00f3digo de qualidade superior, simples e ao mesmo tempo elegante.&nbsp;<\/span><\/p>\n<p style=\"\"><span>A filosofia Unix, idealizada por Ken Thompson, \u00e9 um conjunto de normas culturais e abordagens filos\u00f3ficas para o desenvolvimento de software modular e minimalista. Os primeiros desenvolvedores Unix foram importantes para trazer os conceitos de modularidade e capacidade de reutiliza\u00e7\u00e3o para a pr\u00e1tica da engenharia de software, gerando um movimento de &#8220;ferramentas de software&#8221;. Com o tempo, os principais desenvolvedores do Unix estabeleceram um conjunto de normas culturais para o desenvolvimento de software; essas normas se tornaram t\u00e3o importantes e influentes quanto a tecnologia do pr\u00f3prio Unix.<\/span><\/p>\n<p style=\"\"><span>A filosofia Unix enfatiza a constru\u00e7\u00e3o de c\u00f3digo simples, curto, claro, modular e extens\u00edvel que pode ser facilmente mantido e adaptado por desenvolvedores que n\u00e3o sejam seus criadores.<\/span><\/p>\n<h2>Refer\u00eancias<\/h2>\n<ul style=\"\">\n<li style=\"\"><a href=\"https:\/\/en.wikipedia.org\/wiki\/Unix_philosophy\" target=\"_blank\" style=\"outline: none;\" rel=\"noopener\"><span>Unix Philosophy (Wikipedia)<\/span><\/a><\/li>\n<li style=\"\"><a href=\"https:\/\/www.amazon.com\/Linux-Unix-Philosophy-Mike-Gancarz\/dp\/1555582737\" target=\"_blank\" data-tcb-href=\"https:\/\/www.amazon.com\/Linux-Unix-Philosophy-Mike-Gancarz\/dp\/1555582737\" style=\"outline: none;\" rel=\"noopener\"><span>Linux and the Unix Philosophy (Mike Gankarz)<\/span><\/a><\/li>\n<\/ul>\n<p><span><img decoding=\"async\" alt=\"\" data-id=\"1458\" width=\"280\" data-init-width=\"500\" height=\"280\" data-init-height=\"500\" title=\"RUBENS QUEIROZ + LIVRO\" loading=\"lazy\" src=\"https:\/\/www.dicas-l.com.br\/educacao\/wp-content\/uploads\/2021\/11\/RUBENS-QUEIROZ-LIVRO.png\" data-width=\"280\" data-height=\"280\" data-ll-status=\"loaded\" ml-d=\"0\" center-h-d=\"false\" style=\"\" data-lazy-src=\"https:\/\/www.dicas-l.com.br\/educacao\/wp-content\/uploads\/2021\/11\/Rubens_Redondo-2.png\"><img decoding=\"async\" alt=\"Rubens Queiroz\" data-id=\"9731\" width=\"107\" data-init-width=\"500\" height=\"107\" data-init-height=\"500\" title=\"\" loading=\"lazy\" src=\"https:\/\/www.dicas-l.com.br\/educacao\/wp-content\/uploads\/2021\/11\/Rubens_Redondo-2.png\" data-width=\"107\" data-height=\"107\" data-ll-status=\"loaded\" ml-d=\"0\" center-h-d=\"false\" style=\"\"><img decoding=\"async\" alt=\"Rubens Queiroz\" data-id=\"9731\" width=\"364\" data-init-width=\"500\" height=\"364\" data-init-height=\"500\" title=\"\" loading=\"lazy\" src=\"https:\/\/www.dicas-l.com.br\/educacao\/wp-content\/uploads\/2021\/11\/Rubens_Redondo-2.png\" data-width=\"364\" data-height=\"364\"><\/span><\/p>\n<h1 style=\"\">Rubens Queiroz<\/h1>\n<p style=\"\"><span>Criador do portal Dicas-L, um dos primeiros portais no Brasil a tratar de software livre em geral. Engenheiro eletricista, trabalhou no Centro de Computa\u00e7\u00e3o da Unicamp de 1988 a 2019. Possui grande experi\u00eancia em sistemas operacionais Unix e derivados, protocolos TCP\/IP e aplicativos e tecnologias Web. Experiente instrutor e palestrante, com participa\u00e7\u00e3o em diversos simp\u00f3sios e eventos no Brasil e no exterior.<\/span><\/p>\n<p style=\"\"><span>Trabalhou no Centro de Computa\u00e7\u00e3o da Unicamp de 1988 a 2018.<\/span><\/p>\n","protected":false},"excerpt":{"rendered":"<p>INTRODU\u00c7\u00c3O AO SHELL LINUX &#8211; AULA 3 Descri\u00e7\u00e3o Esta aula procura explicar o que est\u00e1 por tr\u00e1s do estrondoso sucesso de sistemas baseados em GNU\/Linux. O GNU\/Linux se baseia na filosofia dos criadores do sistema operacional Unix e que tem por base diversos pilares, que resultaram em um c\u00f3digo de qualidade superior, simples e ao [&hellip;]<\/p>\n","protected":false},"author":1,"featured_media":0,"parent":0,"menu_order":0,"comment_status":"closed","ping_status":"closed","template":"","meta":{"_joinchat":[],"footnotes":""},"class_list":["post-1432","page","type-page","status-publish","hentry"],"_links":{"self":[{"href":"https:\/\/www.dicas-l.com.br\/educacao\/wp-json\/wp\/v2\/pages\/1432","targetHints":{"allow":["GET"]}}],"collection":[{"href":"https:\/\/www.dicas-l.com.br\/educacao\/wp-json\/wp\/v2\/pages"}],"about":[{"href":"https:\/\/www.dicas-l.com.br\/educacao\/wp-json\/wp\/v2\/types\/page"}],"author":[{"embeddable":true,"href":"https:\/\/www.dicas-l.com.br\/educacao\/wp-json\/wp\/v2\/users\/1"}],"replies":[{"embeddable":true,"href":"https:\/\/www.dicas-l.com.br\/educacao\/wp-json\/wp\/v2\/comments?post=1432"}],"version-history":[{"count":6,"href":"https:\/\/www.dicas-l.com.br\/educacao\/wp-json\/wp\/v2\/pages\/1432\/revisions"}],"predecessor-version":[{"id":1469,"href":"https:\/\/www.dicas-l.com.br\/educacao\/wp-json\/wp\/v2\/pages\/1432\/revisions\/1469"}],"wp:attachment":[{"href":"https:\/\/www.dicas-l.com.br\/educacao\/wp-json\/wp\/v2\/media?parent=1432"}],"curies":[{"name":"wp","href":"https:\/\/api.w.org\/{rel}","templated":true}]}}