{"id":1421,"date":"2021-11-04T21:57:48","date_gmt":"2021-11-05T00:57:48","guid":{"rendered":"https:\/\/www.dicas-l.com.br\/educacao\/?page_id=1421"},"modified":"2021-11-13T21:09:07","modified_gmt":"2021-11-14T00:09:07","slug":"isl06-nao-faca-esso-com-shell","status":"publish","type":"page","link":"https:\/\/www.dicas-l.com.br\/educacao\/isl06-nao-faca-esso-com-shell\/","title":{"rendered":"[ISL06] NAO FACA ESSO COM SHELL"},"content":{"rendered":"<h2 style=\"\">INTRODU\u00c7\u00c3O AO SHELL LINUX &#8211; AULA 2<\/h2>\n<h2 style=\"\">Descri\u00e7\u00e3o<\/h2>\n<p style=\"\"><span>Uma colet\u00e2nea de v\u00e1rios v\u00edcios de programa\u00e7\u00e3o Shell, que s\u00e3o verdadeiros atentados \u00e0 programa\u00e7\u00e3o Shell, por\u00e9m muito utilizados e que tornam seus scripts lentos e ineficientes, s\u00e3o apresentados nesta palestra, mostrando as formas de evit\u00e1-los, comparando seus tempos de execu\u00e7\u00e3o.<\/span><\/p>\n<p style=\"\"><span>Ao fim desse ciclo de <span>palestras<\/span>, voc\u00ea certamente ver\u00e1 que precisa elevar o seu n\u00edvel de conhecimentos em Shell.<\/span><\/p>\n<p><span><img decoding=\"async\" alt=\"\" data-id=\"1454\" width=\"317\" data-init-width=\"500\" height=\"317\" data-init-height=\"500\" title=\"JULIO_NEVES+LIVROS\" loading=\"lazy\" src=\"https:\/\/www.dicas-l.com.br\/educacao\/wp-content\/uploads\/2021\/11\/JULIO_NEVESLIVROS.png\" data-width=\"317\" data-height=\"317\" data-ll-status=\"loaded\" ml-d=\"0\" center-h-d=\"false\" style=\"\" data-lazy-src=\"https:\/\/www.dicas-l.com.br\/educacao\/wp-content\/uploads\/2021\/11\/Rubens_Redondo-1.png\"><img decoding=\"async\" alt=\"Rubens Queiroz\" data-id=\"9731\" width=\"107\" data-init-width=\"500\" height=\"107\" data-init-height=\"500\" title=\"\" loading=\"lazy\" src=\"https:\/\/www.dicas-l.com.br\/educacao\/wp-content\/uploads\/2021\/11\/Rubens_Redondo-1.png\" data-width=\"107\" data-height=\"107\" data-ll-status=\"loaded\" ml-d=\"0\" center-h-d=\"false\" style=\"\"><img decoding=\"async\" alt=\"Rubens Queiroz\" data-id=\"9731\" width=\"364\" data-init-width=\"500\" height=\"364\" data-init-height=\"500\" title=\"\" loading=\"lazy\" src=\"https:\/\/www.dicas-l.com.br\/educacao\/wp-content\/uploads\/2021\/11\/Rubens_Redondo-1.png\" data-width=\"364\" data-height=\"364\"><\/span><\/p>\n<h1 style=\"\">Julio Cezar Neves<\/h1>\n<p style=\"\">Trabalhou por 8 anos na empresa Cobra Computadores e Sistemas Brasileiros, que foi a primeira empresa brasileira a desenvolver, fabricar e comercializar computadores. Participou da equipe de desenvolvimento do SOX, que foi o 4\u00ba sistema operacional reconhecido com padr\u00e3o Unix e que \u00e9 o \u00fanico sistema, at\u00e9 hoje, desenvolvido fora dos Estados Unidos. Al\u00e9m de ter trabalhado na cria\u00e7\u00e3o de diversas ferramentas para o mercado banc\u00e1rio brasileiro que, para se adaptar a uma infla\u00e7\u00e3o de 80% ao m\u00eas, tornou-se o sistema mais \u00e1gil e eficiente e exportou a nossa tecnologia de hardware e software banc\u00e1rio para todo o mundo. Possui mais de 35 anos de experi\u00eancia em sistemas com a filosofia Unix e sua viv\u00eancia com o desenvolvimento de sistemas operacionais e muitas linguagens de programa\u00e7\u00e3o, lhe permitiu estudar a fundo o c\u00f3digo da shell Bash e descobrir recursos n\u00e3o documentados que facilitam enormemente a vida de quem programa. \u00c9 autor do bestseller&nbsp;<a href=\"https:\/\/amzn.to\/36K5Uym\" target=\"_blank\" style=\"outline: none;\" rel=\"noopener\"><strong>Programa\u00e7\u00e3o Shell Linux<\/strong><\/a>, atualmente na 12\u00aa edi\u00e7\u00e3o, e do livro <strong><a href=\"https:\/\/amzn.to\/3cJilhM\" target=\"_blank\" style=\"outline: none;\" rel=\"noopener\">Bombando o Shell &#8211; Caixa de Ferramentas Gr\u00e1ficas do Shell Linux.<\/a><\/strong><\/p>\n","protected":false},"excerpt":{"rendered":"<p>INTRODU\u00c7\u00c3O AO SHELL LINUX &#8211; AULA 2 Descri\u00e7\u00e3o Uma colet\u00e2nea de v\u00e1rios v\u00edcios de programa\u00e7\u00e3o Shell, que s\u00e3o verdadeiros atentados \u00e0 programa\u00e7\u00e3o Shell, por\u00e9m muito utilizados e que tornam seus scripts lentos e ineficientes, s\u00e3o apresentados nesta palestra, mostrando as formas de evit\u00e1-los, comparando seus tempos de execu\u00e7\u00e3o. Ao fim desse ciclo de palestras, voc\u00ea [&hellip;]<\/p>\n","protected":false},"author":1,"featured_media":0,"parent":0,"menu_order":0,"comment_status":"closed","ping_status":"closed","template":"","meta":{"_joinchat":[],"footnotes":""},"class_list":["post-1421","page","type-page","status-publish","hentry"],"_links":{"self":[{"href":"https:\/\/www.dicas-l.com.br\/educacao\/wp-json\/wp\/v2\/pages\/1421","targetHints":{"allow":["GET"]}}],"collection":[{"href":"https:\/\/www.dicas-l.com.br\/educacao\/wp-json\/wp\/v2\/pages"}],"about":[{"href":"https:\/\/www.dicas-l.com.br\/educacao\/wp-json\/wp\/v2\/types\/page"}],"author":[{"embeddable":true,"href":"https:\/\/www.dicas-l.com.br\/educacao\/wp-json\/wp\/v2\/users\/1"}],"replies":[{"embeddable":true,"href":"https:\/\/www.dicas-l.com.br\/educacao\/wp-json\/wp\/v2\/comments?post=1421"}],"version-history":[{"count":11,"href":"https:\/\/www.dicas-l.com.br\/educacao\/wp-json\/wp\/v2\/pages\/1421\/revisions"}],"predecessor-version":[{"id":1468,"href":"https:\/\/www.dicas-l.com.br\/educacao\/wp-json\/wp\/v2\/pages\/1421\/revisions\/1468"}],"wp:attachment":[{"href":"https:\/\/www.dicas-l.com.br\/educacao\/wp-json\/wp\/v2\/media?parent=1421"}],"curies":[{"name":"wp","href":"https:\/\/api.w.org\/{rel}","templated":true}]}}