{"id":12,"date":"2021-02-03T22:55:01","date_gmt":"2021-02-04T01:55:01","guid":{"rendered":"https:\/\/www.dicas-l.com.br\/educacao\/?page_id=12"},"modified":"2026-02-04T21:09:43","modified_gmt":"2026-02-05T00:09:43","slug":"index","status":"publish","type":"page","link":"https:\/\/www.dicas-l.com.br\/educacao\/","title":{"rendered":"[DICAS-L EDUCA\u00c7\u00c3O] Rela\u00e7\u00e3o de Cursos"},"content":{"rendered":"<p><span><img decoding=\"async\" alt=\"\" width=\"75\" height=\"189\" title=\"moon-arrow\" data-id=\"5803\" src=\"\/\/www.dicas-l.com.br\/educacao\/wp-content\/uploads\/tcb_lp_templates\/templates\/css\/images\/moon-arrow.png\" data-width=\"75\" data-height=\"189\" data-init-width=\"75\" data-init-height=\"189\" loading=\"lazy\" style=\"aspect-ratio: auto 75 \/ 189;\"><\/span><span style=\"width: 100%;\"><img decoding=\"async\" alt=\"\" width=\"320\" height=\"320\" title=\"JULIO_NEVES+LIVROS\" data-id=\"1454\" src=\"https:\/\/www.dicas-l.com.br\/educacao\/wp-content\/uploads\/2021\/11\/JULIO_NEVESLIVROS.png\" style=\"aspect-ratio: auto 500 \/ 500;\" data-width=\"320\" data-height=\"320\" data-init-width=\"500\" data-init-height=\"500\" loading=\"lazy\"><\/span><\/p>\n<h3 style=\"\">Semana da Programa\u00e7\u00e3o Shell Linux<\/h3>\n<p style=\"\"><strong><span style=\"color: rgb(220, 0, 0);\">Evento 100% online e gratuito<\/span>, com aulas ao vivo com os Professores Julio Neves e Rubens Queiroz.<\/strong><\/p>\n<p style=\"text-align: left;\">\u00bb\u00bb\u00bb <a href=\"https:\/\/www.dicas-l.com.br\/educacao\/semana-da-programacao-shell-linux\" target=\"_blank\" style=\"outline: none;\"><strong>SAIBA MAIS E FA\u00c7A SUA INSCRI\u00c7\u00c3O<\/strong><\/a><\/p>\n<h2 style=\"\">Nossos Cursos<\/h2>\n<p><span><img decoding=\"async\" alt=\"\" width=\"80\" height=\"188\" title=\"moon-arrow-2\" data-id=\"5807\" src=\"\/\/www.dicas-l.com.br\/educacao\/wp-content\/uploads\/tcb_lp_templates\/templates\/css\/images\/moon-arrow-2.png\" loading=\"lazy\"><\/span><span style=\"width: 100%;\"><img decoding=\"async\" alt=\"\" width=\"310\" height=\"310\" title=\"Matrix-Tux\" data-id=\"29\" src=\"https:\/\/www.dicas-l.com.br\/educacao\/wp-content\/uploads\/2021\/02\/Matrix-Tux-1.png\" style=\"aspect-ratio: auto 500 \/ 500;\" data-width=\"310\" data-height=\"310\" data-init-width=\"500\" data-init-height=\"500\" loading=\"lazy\"><\/span><\/p>\n<h3 style=\"\">Programa\u00e7\u00e3o Shell Linux<\/h3>\n<p style=\"\">Shell Script \u00e9 uma linguagem de programa\u00e7\u00e3o utilizada em diferentes sistemas operacionais e o dom\u00ednio do Shell Script proporciona a otimiza\u00e7\u00e3o de tarefas que s\u00e3o executadas com frequ\u00eancia. Os conceitos de Shell Linux s\u00e3o apresentados de forma descontra\u00edda mas aprofundada, por meio de atividades pr\u00e1ticas com utiliza\u00e7\u00e3o de in\u00fameros exemplos \u00fateis de comandos e express\u00f5es regulares, cobrindo desde a cria\u00e7\u00e3o do primeiro programa \u00e0 depura\u00e7\u00e3o de erros. Os conceitos s\u00e3o apresentados utilizando centenas de exemplos, com linguagem acess\u00edvel e de f\u00e1cil compreens\u00e3o. O Shell Linux \u00e9 uma linguagem de programa\u00e7\u00e3o extremamente poderosa e simples de usar, permitindo a resolu\u00e7\u00e3o r\u00e1pida e eficiente de diversos problemas do dia a dia de um administrador de sistemas.<\/p>\n<p style=\"\">\n<p style=\"\">\u00bb\u00bb\u00bb <strong><a href=\"https:\/\/www.dicas-l.com.br\/educacao\/programacao-shell-linux\" target=\"_blank\" style=\"outline: none;\">SAIBA MAIS<\/a><\/strong>&nbsp;<\/p>\n<p><span><img decoding=\"async\" alt=\"\" width=\"75\" height=\"189\" title=\"moon-arrow\" data-id=\"5803\" src=\"\/\/www.dicas-l.com.br\/educacao\/wp-content\/uploads\/tcb_lp_templates\/templates\/css\/images\/moon-arrow.png\" data-width=\"75\" data-height=\"189\" data-init-width=\"75\" data-init-height=\"189\" loading=\"lazy\" style=\"aspect-ratio: auto 75 \/ 189;\"><\/span><span style=\"width: 100%;\"><img decoding=\"async\" alt=\"\" width=\"320\" height=\"320\" title=\"Matrix-Tux\" data-id=\"29\" src=\"https:\/\/www.dicas-l.com.br\/educacao\/wp-content\/uploads\/2021\/02\/Matrix-Tux-1.png\" style=\"aspect-ratio: auto 500 \/ 500;\" data-width=\"320\" data-height=\"320\" data-init-width=\"500\" data-init-height=\"500\" loading=\"lazy\"><\/span><\/p>\n<h3 style=\"\">YAD &#8211; O Shell em Traje de Gala<\/h3>\n<p style=\"\">YAD &#8211; que significa <em><strong>Yet Another Dialog<\/strong><\/em> &#8211; foi criado h\u00e1 pouco tempo por um ucraniano chamado Victor Ananjevsky (aka Ananas) que fez um fork do projeto do <em><strong>Zenity<\/strong><\/em> e incrementou in\u00fameras facilidades que o <em><strong>Zenity<\/strong><\/em> n\u00e3o contemplava (com muitos di\u00e1logos a mais, diversas facilidades para customiza\u00e7\u00e3o e cria\u00e7\u00e3o de formul\u00e1rios e bot\u00f5es por exemplo). Por isso, \u00e9 frequente v\u00ea-lo na internet sendo tratado como <strong><em>Zenity on Steroids.&nbsp;<\/em><\/strong>Se baseia na lib GTK (<em><strong>Gnome Tools Kit<\/strong><\/em>) para gerar di\u00e1logos gr\u00e1ficos que interagem com o Shell na entrada e na sa\u00edda de dados, de forma a que o usu\u00e1rio possa trabalhar com o sistema, &#8220;conversando&#8221; com ele no modo que est\u00e1 habituado, isto \u00e9, usando mouse em uma interface gr\u00e1fica (GUI &#8211; <em><strong>Graphical User Interface<\/strong><\/em>).&nbsp; Se encaixa filosoficamente com Shell como uma luva, pois \u00e9 tamb\u00e9m muito conciso, desenhando formul\u00e1rios detalhados de forma muito simples, uma vez que cada di\u00e1logo \u00e9 escrito em uma \u00fanica linha.<\/p>\n<p style=\"\">\n<p style=\"text-align: left;\">\u00bb\u00bb\u00bb <a href=\"https:\/\/www.dicas-l.com.br\/educacao\/yad\" target=\"_blank\" style=\"outline: none;\"><strong>SAIBA MAIS<\/strong><\/a><\/p>\n<p><span><img decoding=\"async\" alt=\"\" width=\"80\" height=\"188\" title=\"moon-arrow-2\" data-id=\"5807\" src=\"\/\/www.dicas-l.com.br\/educacao\/wp-content\/uploads\/tcb_lp_templates\/templates\/css\/images\/moon-arrow-2.png\" loading=\"lazy\"><\/span><span style=\"width: 100%;\"><img decoding=\"async\" alt=\"\" width=\"310\" height=\"310\" title=\"Matrix-Tux\" data-id=\"29\" src=\"https:\/\/www.dicas-l.com.br\/educacao\/wp-content\/uploads\/2021\/02\/Matrix-Tux-1.png\" style=\"aspect-ratio: auto 500 \/ 500;\" data-width=\"310\" data-height=\"310\" data-init-width=\"500\" data-init-height=\"500\" loading=\"lazy\"><\/span><\/p>\n<h3 style=\"\">Express\u00f5es Regulares<\/h3>\n<p style=\"\">O conhecimento de express\u00f5es regulares \u00e9 fundamental para o dom\u00ednio de in\u00fameras linguagens de programa\u00e7\u00e3o, editores de texto como vim, emacs, LibreOffice, LaTeX, e muitos outros. De uma forma bastante simples, as express\u00f5es regulares permitem que voc\u00ea filtre padr\u00f5es em um texto e, em seguida, voc\u00ea poder\u00e1 atuar sobre estes textos, alterando-os ou simplesmente usando-os para a tomada de decis\u00e3o. Por exemplo, por meio de express\u00f5es regulares voc\u00ea pode vasculhar os arquivos de log de email de um sistema e localizar os endere\u00e7os que n\u00e3o existem mais e que est\u00e3o gerando erros. Ou ent\u00e3o, voc\u00ea pode varrer o arquivo xml de uma emissora extraindo o endere\u00e7o dos podcasts para gerar uma lista para download direto. As aplica\u00e7\u00f5es s\u00e3o m\u00faltiplas e variadas, pode-se fazer praticamente tudo.<\/p>\n<p style=\"\">\n<p style=\"\">\u00bb\u00bb\u00bb <a href=\"https:\/\/www.dicas-l.com.br\/educacao\/expressoes-regulares\" target=\"_blank\" style=\"outline: none;\"><strong>SAIBA MAIS<\/strong><\/a>&nbsp;<\/p>\n<p><span><img decoding=\"async\" alt=\"\" width=\"75\" height=\"189\" title=\"moon-arrow\" data-id=\"5803\" src=\"\/\/www.dicas-l.com.br\/educacao\/wp-content\/uploads\/tcb_lp_templates\/templates\/css\/images\/moon-arrow.png\" loading=\"lazy\"><\/span><span style=\"width: 100%;\"><img decoding=\"async\" alt=\"\" width=\"308\" height=\"308\" title=\"Matrix-Tux\" data-id=\"29\" src=\"https:\/\/www.dicas-l.com.br\/educacao\/wp-content\/uploads\/2021\/02\/Matrix-Tux-1.png\" style=\"aspect-ratio: auto 500 \/ 500;\" data-width=\"308\" data-height=\"308\" data-init-width=\"500\" data-init-height=\"500\" loading=\"lazy\"><\/span><\/p>\n<h3 style=\"\">Dialog<\/h3>\n<p style=\"\">Voc\u00ea que \u00e9 um super admin, um cara que se orgulha de ser o root da instala\u00e7\u00e3o, entrega para os seus usu\u00e1rios aqueles scripts an\u00eamicos e sem gra\u00e7a, com interface CLI (Interface de Linha de Comando)? Seus usu\u00e1rios n\u00e3o merecem isso. Ponha uma carinha mais amig\u00e1vel nas suas aplica\u00e7\u00f5es e deixe-os usar o mouse. &nbsp;Ent\u00e3o como fazer para melhorar a sua apresenta\u00e7\u00e3o? O novo Dialog tem 29 caixas de texto, cada uma com diversas op\u00e7\u00f5es espec\u00edficas e 72 op\u00e7\u00f5es gen\u00e9ricas delas, que possibilitam criar uma interface amig\u00e1vel para qualquer aplica\u00e7\u00e3o, desde uma entrada via radiobox, ou de uma caixa para selecionar arquivos ou diret\u00f3rios, mostrando o andamento do processo via uma barra de progresso ou uma de multi-progresso.<\/p>\n<p style=\"\">\n<p style=\"text-align: left;\">\u00bb\u00bb\u00bb <a href=\"https:\/\/www.dicas-l.com.br\/educacao\/dialog\" target=\"_blank\" style=\"outline: none;\"><strong>SAIBA MAIS<\/strong><\/a><\/p>\n<p><span><img decoding=\"async\" alt=\"\" width=\"80\" height=\"188\" title=\"moon-arrow-2\" data-id=\"5807\" src=\"\/\/www.dicas-l.com.br\/educacao\/wp-content\/uploads\/tcb_lp_templates\/templates\/css\/images\/moon-arrow-2.png\" loading=\"lazy\"><\/span><span style=\"width: 100%;\"><img decoding=\"async\" alt=\"\" width=\"310\" height=\"310\" title=\"Matrix-Tux\" data-id=\"29\" src=\"https:\/\/www.dicas-l.com.br\/educacao\/wp-content\/uploads\/2021\/02\/Matrix-Tux-1.png\" style=\"aspect-ratio: auto 500 \/ 500;\" data-width=\"310\" data-height=\"310\" data-init-width=\"500\" data-init-height=\"500\" loading=\"lazy\"><\/span><\/p>\n<h3 style=\"\">Linux: Dicas e Truques<\/h3>\n<p style=\"\">Este curso consiste de centenas de solu\u00e7\u00f5es para problemas do dia a dia de administradores de sistemas GNU\/Linux e usu\u00e1rios em geral. Est\u00e1 sendo lan\u00e7ado inicialmente com 250 artigos mas a nossa meta \u00e9 crescer continuamente, sempre oferecendo conte\u00fado novo. Os alunos recebem acesso vital\u00edcio, podendo consultar o material quantas vezes desejarem, por quanto tempo precisarem. Os artigos s\u00e3o voltados para quem j\u00e1 possui um conhecimento b\u00e1sico de sistemas GNU\/Linux. O conte\u00fado pode ser usado de diversas formas, consultando os artigos para resolver algum problema ou mesmo para fazer um estudo mais sistem\u00e1tico, estudando com cuidado e absorvendo os conceitos com mais aten\u00e7\u00e3o.<\/p>\n<p style=\"\">\n<p style=\"\">\u00bb\u00bb\u00bb <a href=\"https:\/\/www.dicas-l.com.br\/educacao\/linux-dicas-e-truques\" target=\"_blank\"><strong>SAIBA MAIS<\/strong><\/a>&nbsp;<\/p>\n<p><span><img decoding=\"async\" alt=\"\" width=\"75\" height=\"189\" title=\"moon-arrow\" data-id=\"5803\" src=\"\/\/www.dicas-l.com.br\/educacao\/wp-content\/uploads\/tcb_lp_templates\/templates\/css\/images\/moon-arrow.png\" loading=\"lazy\"><\/span><span style=\"width: 100%;\"><img decoding=\"async\" alt=\"\" width=\"308\" height=\"308\" title=\"Matrix-Tux\" data-id=\"29\" src=\"https:\/\/www.dicas-l.com.br\/educacao\/wp-content\/uploads\/2021\/02\/Matrix-Tux-1.png\" style=\"aspect-ratio: auto 500 \/ 500;\" data-width=\"308\" data-height=\"308\" data-init-width=\"500\" data-init-height=\"500\" loading=\"lazy\"><\/span><\/p>\n<h3 style=\"\">Programando com Zenity<\/h3>\n<p style=\"\"><em><strong>Zenity<\/strong><\/em> \u00e9 um programa que se utiliza de ferramentas do GTK+ (que significa <em><strong>GIMP Tool Kit<\/strong><\/em>) para produzir interfaces gr\u00e1ficas muito bem acabadas que atuar\u00e3o entre scripts em Shell (e outras linguagens orientadas a caractere) e os usu\u00e1rios, provendo entre ambos uma correla\u00e7\u00e3o amig\u00e1vel e bonita. &nbsp;O <em><strong>Zenity<\/strong><\/em> \u00e9 um execut\u00e1vel, que recebe todos os par\u00e2metros via linha de comando e retorna &#8211; no c\u00f3digo de retorno (<strong>$?<\/strong>) e\/ou na sa\u00edda prim\u00e1ria (<em><strong>stdout<\/strong><\/em>) a escolha do usu\u00e1rio. Isso permite apresentar, pedir e trocar informa\u00e7\u00f5es com o operador.<\/p>\n<p style=\"\">\n<p style=\"text-align: left;\">\u00bb\u00bb\u00bb <a href=\"https:\/\/www.dicas-l.com.br\/educacao\/zenity\" target=\"_blank\" style=\"outline: none;\"><strong>SAIBA MAIS<\/strong><\/a><\/p>\n<p><span><img decoding=\"async\" alt=\"\" width=\"80\" height=\"188\" title=\"moon-arrow-2\" data-id=\"5807\" src=\"\/\/www.dicas-l.com.br\/educacao\/wp-content\/uploads\/tcb_lp_templates\/templates\/css\/images\/moon-arrow-2.png\" loading=\"lazy\"><\/span><span style=\"width: 100%;\"><img decoding=\"async\" alt=\"\" width=\"310\" height=\"310\" title=\"Matrix-Tux\" data-id=\"29\" src=\"https:\/\/www.dicas-l.com.br\/educacao\/wp-content\/uploads\/2021\/02\/Matrix-Tux-1.png\" style=\"aspect-ratio: auto 500 \/ 500;\" data-width=\"310\" data-height=\"310\" data-init-width=\"500\" data-init-height=\"500\" loading=\"lazy\"><\/span><\/p>\n<h3 style=\"\">Interfaces Gr\u00e1ficas do Shell Linux<\/h3>\n<p style=\"\">Este curso re\u00fane informa\u00e7\u00f5es sobre como desenvolver interfaces gr\u00e1ficas para scripts Shell Linux. &nbsp;Come\u00e7amos com o <strong>YAD<\/strong> &#8211; que significa <strong>Yet Another Dialog<\/strong>. Foi criado h\u00e1 pouco tempo por Victor Ananjevsky, que fez um fork do projeto do <strong>Zenity.<\/strong> Em seguida apresentamos o <strong>Zenity<\/strong>, que \u00e9 um programa que, assim como o <strong>YAD<\/strong>, se utiliza das ferramentas do <strong>GTK<\/strong> (que significa <em><strong>GIMP Tool Kit<\/strong><\/em>) para produzir interfaces gr\u00e1ficas muito bem acabadas que atuar\u00e3o entre scripts em Shell (e outras linguagens orientadas a caractere) e os usu\u00e1rios. Finalmente apresentamos o <strong>DIALOG<\/strong>, que \u00e9 um software que usa uma interface TUI (<em><strong>Text-based User Interface<\/strong><\/em> ou Interfaces baseadas em texto), que n\u00e3o necessita do X.<\/p>\n<p style=\"\">\n<p style=\"\">\u00bb\u00bb\u00bb&nbsp;<a href=\"https:\/\/www.dicas-l.com.br\/educacao\/interfaces-graficas-do-shell-linux\" target=\"_blank\" style=\"outline: none;\"><strong>SAIBA MAIS<\/strong><\/a><\/p>\n<p><span><img decoding=\"async\" alt=\"\" width=\"75\" height=\"189\" title=\"moon-arrow\" data-id=\"5803\" src=\"\/\/www.dicas-l.com.br\/educacao\/wp-content\/uploads\/tcb_lp_templates\/templates\/css\/images\/moon-arrow.png\" loading=\"lazy\"><\/span><span style=\"width: 100%;\"><img decoding=\"async\" alt=\"\" width=\"308\" height=\"308\" title=\"Matrix-Tux\" data-id=\"29\" src=\"https:\/\/www.dicas-l.com.br\/educacao\/wp-content\/uploads\/2021\/02\/Matrix-Tux-1.png\" style=\"aspect-ratio: auto 500 \/ 500;\" data-width=\"308\" data-height=\"308\" data-init-width=\"500\" data-init-height=\"500\" loading=\"lazy\"><\/span><\/p>\n<h3 style=\"\">Introdu\u00e7\u00e3o ao Shell Linux<\/h3>\n<p><span lang=\"pt-PT\">Este curso \u00e9 o primeiro passo para todos aqueles que desejam avan\u00e7ar em suas carreiras na \u00e1rea de tecnologia da informa\u00e7\u00e3o e comunica\u00e7\u00e3o.&nbsp;<\/span><\/p>\n<p><span lang=\"pt-PT\"><strong><span lang=\"pt-PT\">O foco deste curso \u00e9 na linha de comando, que \u00e9 onde o real poder reside.<\/span><\/strong><\/span><\/p>\n<p><span lang=\"pt-PT\"><strong><span lang=\"pt-PT\"><\/span><\/strong><\/span><\/p>\n<p><span lang=\"pt-PT\">Como promo\u00e7\u00e3o especial,&nbsp;<strong>estamos oferecendo, por tempo limitado, inscri\u00e7\u00f5es gratuitas nas primeiras turmas,<\/strong>&nbsp;para que voc\u00ea possa dar os primeiros passos em sistemas GNU\/Linux.<\/span><\/p>\n<p><span lang=\"pt-PT\"><\/span><\/p>\n<p><span lang=\"pt-PT\">\u00bb\u00bb\u00bb&nbsp;<a href=\"https:\/\/www.dicas-l.com.br\/educacao\/introducao-ao-shell-linux\/\" target=\"_blank\" style=\"outline: none;\"><strong>SAIBA MAIS<\/strong><\/a><\/span><\/p>\n<p><span><img decoding=\"async\" alt=\"\" width=\"75\" height=\"189\" title=\"moon-arrow\" data-id=\"5803\" src=\"\/\/www.dicas-l.com.br\/educacao\/wp-content\/uploads\/tcb_lp_templates\/templates\/css\/images\/moon-arrow.png\" loading=\"lazy\"><\/span><span style=\"width: 100%;\"><img decoding=\"async\" alt=\"\" width=\"338\" height=\"338\" title=\"Livrate - Fundo Transparente - Circulo Laranja\" data-id=\"16\" src=\"https:\/\/www.dicas-l.com.br\/educacao\/wp-content\/uploads\/2021\/02\/Livrate-Fundo-Transparente-Circulo-Laranja.png\" style=\"aspect-ratio: auto 500 \/ 500;\" data-width=\"338\" data-height=\"338\" data-init-width=\"500\" data-init-height=\"500\" ml-d=\"-0.7649999999999864\" mt-d=\"-1.4850000000000136\" loading=\"lazy\"><\/span><\/p>\n<h3 style=\"\">Quem somos<\/h3>\n<p style=\"\">Desenvolvemos treinamentos sobre programa\u00e7\u00e3o com ferramentas livres. Nossos instrutores possuem larga experi\u00eancia e s\u00e3o autores de livros sobre os temas que lecionam. Nossos cursos apresentam seu conte\u00fado de forma organizada, did\u00e1tica e profissional, refinada ao longo de centenas de cursos presenciais sobre o assunto.<\/p>\n<h2 style=\"\">Nossos Clientes<\/h2>\n<p><span><img decoding=\"async\" alt=\"\" data-id=\"59\" width=\"854\" data-init-width=\"1025\" height=\"125\" data-init-height=\"150\" title=\"barra-clientes\" loading=\"lazy\" src=\"https:\/\/www.dicas-l.com.br\/educacao\/wp-content\/uploads\/2021\/02\/barra-clientes.png\" data-width=\"854\" data-height=\"125\" style=\"aspect-ratio: auto 1025 \/ 150;\"><\/span><\/p>\n<p><strong>Nos \u00faltimos dez anos ministramos mais de 300 cursos em institui\u00e7\u00f5es governamentais e empresas da iniciativa privada. Participamos tamb\u00e9m ativamente dos principais eventos nacionais e internacionais de divulga\u00e7\u00e3o de software livre.<\/strong><\/p>\n<h2 style=\"text-align: center;\">Depoimentos de nossos alunos<\/h2>\n<p style=\"\">Trabalho com Linux desde antes do kernel chegar \u00e0 sua vers\u00e3o 1.0 e, antes disso, j\u00e1 trabalhava com Linux. O bash shell e as express\u00f5es regulares j\u00e1 eram parte da minha vida em pequenas tarefas de automa\u00e7\u00e3o na administra\u00e7\u00e3o de sistemas. Eu achava que sabia ao menos o suficiente e que o curso oferecido pelo J\u00falio e o Rubens seria uma divertida reciclagem com esses dois feras. A parte da divers\u00e3o \u00e9 verdade. A da reciclagem n\u00e3o! Eu vi que sabia muito menos do que imaginava.<\/p>\n<p style=\"\">\n<p style=\"\">Os pulos do gato oferecidos no curso fizeram com que meu conhecimento desse um salto enorme. Eu n\u00e3o conhecia nem de longe o suficiente e o curso mostrou-me que ainda tenho muito espa\u00e7o onde continuar aprendendo.&nbsp;<\/p>\n<p style=\"\">\n<p style=\"\"><strong>O material disponibilizado virou minha refer\u00eancia quase di\u00e1ria quando preciso entender, modificar ou criar qualquer script e as express\u00f5es regulares t\u00eam me economizado um tempo enorme!<\/strong> Recomendo muito esse curso!<\/p>\n<p style=\"\"><strong>CESAR BROD, LAJEADO, RS<\/strong><strong><\/strong><strong><\/strong><\/p>\n<p style=\"\"><strong><\/strong><\/p>\n<p><span><img decoding=\"async\" alt=\"\" width=\"111\" height=\"117\" title=\"CesarBrod\" data-id=\"22\" src=\"https:\/\/www.dicas-l.com.br\/educacao\/wp-content\/uploads\/2021\/02\/CesarBrod-1.png\" data-width=\"111\" data-height=\"117\" data-init-width=\"981\" data-init-height=\"1030\" style=\"aspect-ratio: auto 981 \/ 1030;\" loading=\"lazy\"><\/span><\/p>\n<p style=\"\">\u201c<\/p>\n<p style=\"\">Quando comecei o curso n\u00e3o sabia praticamente nada de shell script, ap\u00f3s participar do curso a primeira vez, fui compreendendo como a linguagem funcionava, como o shell &#8220;pensava&#8221;. J\u00e1 depois da segunda participa\u00e7\u00e3o me sinto alfabetizado em shell script, consigo ler os scripts de outros e saber o que eles fazem, al\u00e9m de j\u00e1 conseguir escrever meus pr\u00f3prios scripts. <strong>A possibilidade de fazer o curso diversas vezes, sem pagar a mais por isso, \u00e9 fant\u00e1stica. <\/strong>O ambiente de intera\u00e7\u00e3o entre novos e velhos participantes favorece em muito o estudo e motiva o aprofundamento no curso. Acho que o fato de ter come\u00e7ado a aprender shell no ambiente feito pelo J\u00falio e pelo Rubens foi fundamental para n\u00e3o pegar maus h\u00e1bitos e para n\u00e3o perder tempo procurando informa\u00e7\u00e3o na internet. O curso \u00e9 realmente muito estruturado e se sente que h\u00e1 realmente muito saber acumulado ali, saber esse que \u00e9 transmitido de forma muito amig\u00e1vel. <strong>Minha experi\u00eancia foi muito satisfat\u00f3ria, recomendo fortemente.<\/strong><\/p>\n<p style=\"\"><strong><\/strong><strong>ALLAN CALDAS, S\u00c3O CARLOS, SP<\/strong><\/p>\n<p style=\"\"><strong><\/strong><\/p>\n<p style=\"\"><strong><\/strong><\/p>\n<p><span><img decoding=\"async\" alt=\"\" width=\"111\" height=\"112\" title=\"alancaldas\" data-id=\"21\" src=\"https:\/\/www.dicas-l.com.br\/educacao\/wp-content\/uploads\/2021\/02\/alancaldas.png\" data-width=\"111\" data-height=\"112\" data-init-width=\"400\" data-init-height=\"405\" style=\"aspect-ratio: auto 400 \/ 405;\" loading=\"lazy\"><\/span><\/p>\n<p style=\"\">\u201c<\/p>\n<p style=\"text-align: center;\"><a href=\"https:\/\/www.dicas-l.com.br\/educacao\/depoimentos\" target=\"_blank\"><strong>Veja mais depoimentos de nossos alunos<\/strong><\/a><\/p>\n<h2 style=\"\">Profissionais<\/h2>\n<p><span><img decoding=\"async\" alt=\"\" data-id=\"39\" width=\"175\" data-init-width=\"500\" height=\"175\" data-init-height=\"500\" title=\"Julio-Neves-Fundo-Transparente\" src=\"https:\/\/www.dicas-l.com.br\/educacao\/wp-content\/uploads\/2021\/02\/Julio-Neves-Fundo-Transparente.png\" data-width=\"175\" data-height=\"175\" style=\"aspect-ratio: auto 500 \/ 500;\" loading=\"lazy\"><\/span><\/p>\n<h3 style=\"\">Julio Cezar Neves<\/h3>\n<p style=\"\">\n<p style=\"\">Trabalhou por 8 anos na empresa Cobra Computadores e Sistemas Brasileiros, que foi a primeira empresa brasileira a desenvolver, fabricar e comercializar computadores. Participou da equipe de desenvolvimento do SOX, que foi o 4\u00ba sistema operacional reconhecido com padr\u00e3o Unix e que \u00e9 o \u00fanico sistema, at\u00e9 hoje, desenvolvido fora dos Estados Unidos. Al\u00e9m de ter trabalhado na cria\u00e7\u00e3o de diversas ferramentas para o mercado banc\u00e1rio brasileiro que, para se adaptar a uma infla\u00e7\u00e3o de 80% ao m\u00eas, tornou-se o sistema mais \u00e1gil e eficiente e exportou a nossa tecnologia de hardware e software banc\u00e1rio para todo o mundo. Possui mais de 35 anos de experi\u00eancia em sistemas com a filosofia Unix e sua viv\u00eancia com o desenvolvimento de sistemas operacionais e muitas linguagens de programa\u00e7\u00e3o, lhe permitiu estudar a fundo o c\u00f3digo da shell Bash e descobrir recursos n\u00e3o documentados que facilitam enormemente a vida de quem programa. \u00c9 autor do bestseller <a href=\"https:\/\/amzn.to\/36K5Uym\" target=\"_blank\" style=\"outline: none;\"><strong>Programa\u00e7\u00e3o Shell Linux<\/strong><\/a>, atualmente na 11\u00aa edi\u00e7\u00e3o, e do livro <strong><a href=\"https:\/\/amzn.to\/3cJilhM\" target=\"_blank\" style=\"outline: none;\">Bombando o Shell &#8211; Caixa de Ferramentas Gr\u00e1ficas do Shell Linux.<\/a><\/strong><\/p>\n<h3 style=\"\">Rubens Queiroz de Almeida<\/h3>\n<p style=\"\">\n<p style=\"\">Criador do portal Dicas-L, um dos primeiros portais no Brasil a tratar de software livre em geral. Engenheiro eletricista, trabalhou no Centro de Computa\u00e7\u00e3o da Unicamp de 1988 a 2019. Possui grande experi\u00eancia em sistemas operacionais Unix e derivados, protocolos TCP\/IP e aplicativos e tecnologias Web. Experiente instrutor e palestrante, com participa\u00e7\u00e3o em diversos simp\u00f3sios e eventos no Brasil e no exterior.<\/p>\n<p><span><img decoding=\"async\" alt=\"\" data-id=\"50\" width=\"177\" data-init-width=\"500\" height=\"177\" data-init-height=\"500\" title=\"RubensQueiroz - Fundo Transparente\" src=\"https:\/\/www.dicas-l.com.br\/educacao\/wp-content\/uploads\/2021\/02\/RubensQueiroz-Fundo-Transparente-1.png\" data-width=\"177\" data-height=\"177\" style=\"aspect-ratio: auto 500 \/ 500;\" loading=\"lazy\"><\/span><\/p>\n<h2 style=\"\">Fale Conosco<\/h2>\n<p style=\"text-align: left;\"><strong><img decoding=\"async\" role=\"img\" alt=\"\u2709\ufe0f\" src=\"https:\/\/s.w.org\/images\/core\/emoji\/17.0.2\/svg\/2709.svg\"><a href=\"mailto:%20educacao@Dicas-L.com.br\" target=\"_blank\" style=\"outline: none;\"> educacao@Dicas-L.com.br<\/a><\/strong><\/p>\n<p style=\"text-align: left;\"><strong><img decoding=\"async\" role=\"img\" alt=\"\ud83d\udcde\" src=\"https:\/\/s.w.org\/images\/core\/emoji\/17.0.2\/svg\/1f4de.svg\">&nbsp;<a href=\"https:\/\/api.whatsapp.com\/send?1=pt_BR&amp;phone=5519997575191\" target=\"_blank\" style=\"outline: none;\">Whatsapp +55 19 997 575 191<\/a><\/strong><\/p>\n<p style=\"text-align: center;\">LIVRATE &#8211; TECNOLOGIA E EDUCA\u00c7\u00c3O EM SOFTWARE LIVRE<\/p>\n<p style=\"text-align: center;\">\u00a9 Todos os direitos reservados<u><\/u><\/p>\n<p><span><img decoding=\"async\" alt=\"\" data-id=\"3224\" width=\"48\" data-init-width=\"48\" height=\"48\" data-init-height=\"48\" title=\"icons8-whatsapp\" loading=\"lazy\" src=\"https:\/\/www.dicas-l.com.br\/educacao\/wp-content\/uploads\/2026\/02\/icons8-whatsapp.gif\" data-width=\"48\" data-height=\"48\" style=\"aspect-ratio: auto 48 \/ 48;\"><\/span><\/p>\n","protected":false},"excerpt":{"rendered":"<p>Semana da Programa\u00e7\u00e3o Shell Linux Evento 100% online e gratuito, com aulas ao vivo com os Professores Julio Neves e Rubens Queiroz. \u00bb\u00bb\u00bb SAIBA MAIS E FA\u00c7A SUA INSCRI\u00c7\u00c3O Nossos Cursos Programa\u00e7\u00e3o Shell Linux Shell Script \u00e9 uma linguagem de programa\u00e7\u00e3o utilizada em diferentes sistemas operacionais e o dom\u00ednio do Shell Script proporciona a otimiza\u00e7\u00e3o [&hellip;]<\/p>\n","protected":false},"author":1,"featured_media":0,"parent":0,"menu_order":0,"comment_status":"closed","ping_status":"closed","template":"","meta":{"_joinchat":[],"footnotes":""},"class_list":["post-12","page","type-page","status-publish","hentry"],"_links":{"self":[{"href":"https:\/\/www.dicas-l.com.br\/educacao\/wp-json\/wp\/v2\/pages\/12","targetHints":{"allow":["GET"]}}],"collection":[{"href":"https:\/\/www.dicas-l.com.br\/educacao\/wp-json\/wp\/v2\/pages"}],"about":[{"href":"https:\/\/www.dicas-l.com.br\/educacao\/wp-json\/wp\/v2\/types\/page"}],"author":[{"embeddable":true,"href":"https:\/\/www.dicas-l.com.br\/educacao\/wp-json\/wp\/v2\/users\/1"}],"replies":[{"embeddable":true,"href":"https:\/\/www.dicas-l.com.br\/educacao\/wp-json\/wp\/v2\/comments?post=12"}],"version-history":[{"count":119,"href":"https:\/\/www.dicas-l.com.br\/educacao\/wp-json\/wp\/v2\/pages\/12\/revisions"}],"predecessor-version":[{"id":3227,"href":"https:\/\/www.dicas-l.com.br\/educacao\/wp-json\/wp\/v2\/pages\/12\/revisions\/3227"}],"wp:attachment":[{"href":"https:\/\/www.dicas-l.com.br\/educacao\/wp-json\/wp\/v2\/media?parent=12"}],"curies":[{"name":"wp","href":"https:\/\/api.w.org\/{rel}","templated":true}]}}