{"id":1038,"date":"2021-07-18T13:08:07","date_gmt":"2021-07-18T16:08:07","guid":{"rendered":"https:\/\/www.dicas-l.com.br\/educacao\/?page_id=1038"},"modified":"2023-07-31T11:48:07","modified_gmt":"2023-07-31T14:48:07","slug":"livro-programacao-shell-linux","status":"publish","type":"page","link":"https:\/\/www.dicas-l.com.br\/educacao\/livro-programacao-shell-linux\/","title":{"rendered":"[NOVATEC] LIVRO PROGRAMA\u00c7\u00c3O SHELL LINUX"},"content":{"rendered":"<p style=\"text-align: left;\"><strong>Programa\u00e7\u00e3o Shell Linux<\/strong> \u00e9 uma refer\u00eancia completa sobre programa\u00e7\u00e3o Shell nos sistemas operacionais Unix\/Linux. O autor apresenta o assunto de forma did\u00e1tica e descontra\u00edda, com exemplos e dicas de f\u00e1cil compreens\u00e3o, al\u00e9m de aplica\u00e7\u00f5es \u00fateis para o dia a dia dos profissionais que utilizam esses sistemas operacionais.<\/p>\n<p style=\"text-align: left;\">\n<p style=\"text-align: left;\">Sem d\u00favida, \u00e9 a publica\u00e7\u00e3o mais abrangente em l\u00edngua portuguesa sobre Bash e o ambiente em torno dele. Al\u00e9m de abordar o assunto, enfatiza os comandos <em>builtins<\/em> do Shell e inclui dois ap\u00eandices dedicados inteiramente \u00e0s Express\u00f5es Regulares e awk.<\/p>\n<p style=\"text-align: left;\">\n<p style=\"text-align: left;\">\u00c9 de utilidade tanto para pessoas que desejam aprender a programar nessa linguagem como para aqueles que querem um livro de refer\u00eancia para consultas sobre o tema.<\/p>\n<p><span><img decoding=\"async\" alt=\"\" data-id=\"1067\" width=\"405\" data-init-width=\"500\" height=\"405\" data-init-height=\"500\" title=\"MOCKUP - PROGRAMACAO SHELL LINUX - FUNDO NATAL COM NEVE\" loading=\"lazy\" src=\"https:\/\/www.dicas-l.com.br\/educacao\/wp-content\/uploads\/2021\/07\/MOCKUP-PROGRAMACAO-SHELL-LINUX-FUNDO-NATAL-COM-NEVE.png\" data-width=\"405\" data-height=\"405\" style=\"\"><\/span><\/p>\n<h3>Arquivos e Exerc\u00edcios do Livro<\/h3>\n<p>Caro leitor, para facilitar o seu aprendizado e treinamento, estou dispondo todos os arquivos de teste, c\u00f3digos de programas e solu\u00e7\u00e3o de exerc\u00edcios constantes do livro.<\/p>\n<\/p>\n<p>Est\u00e3o divididos da seguinte forma:<\/p>\n<ul>\n<li><strong>Respostas dos exerc\u00edcios<\/strong>Nesse local, al\u00e9m das resolu\u00e7\u00f5es acompanhadas dos enunciados dos exerc\u00edcios, tem tamb\u00e9m um sint\u00e9tico&nbsp;com todas as solu\u00e7\u00f5es reunidas em um \u00fanico arquivo<\/li>\n<li><strong>Programas do livro<\/strong>\u00c9 formado por cada um dos c\u00f3digos de todos os exemplos do livro, para que voc\u00ea possa copi\u00e1-los, alter\u00e1-los e test\u00e1-los&nbsp;<\/li>\n<li><strong>Arquivos usados nos exemplos.<\/strong>Como diz o nome, s\u00e3o os arquivos necess\u00e1rios aos testes dos exemplos cujo c\u00f3digo voc\u00ea baixou.<\/li>\n<\/ul>\n<p><span><img decoding=\"async\" alt=\"\" data-id=\"375\" width=\"400\" data-init-width=\"500\" height=\"500\" data-init-height=\"500\" title=\"Presente\" loading=\"lazy\" src=\"https:\/\/www.dicas-l.com.br\/educacao\/wp-content\/uploads\/2021\/02\/Presente.png\" data-width=\"400\" style=\"\"><\/span><\/p>\n<p style=\"text-align: center;\"><strong>Observa\u00e7\u00e3o<\/strong>: os programas e arquivos que foram sendo aprimorados ao longo do livro, est\u00e3o sempre em sua vers\u00e3o final.<\/p>\n<p><span><img decoding=\"async\" alt=\"\" data-id=\"39\" width=\"276\" data-init-width=\"500\" height=\"276\" data-init-height=\"500\" title=\"Julio-Neves-Fundo-Transparente\" src=\"https:\/\/www.dicas-l.com.br\/educacao\/wp-content\/uploads\/2021\/02\/Julio-Neves-Fundo-Transparente.png\" data-width=\"276\" data-height=\"276\" style=\"\" loading=\"lazy\" mt-d=\"0\"><\/span><\/p>\n<h3 style=\"\">Julio Cezar Neves<\/h3>\n<p style=\"\">\n<p style=\"\">Trabalhou por 8 anos na empresa Cobra Computadores e Sistemas Brasileiros, que foi a primeira empresa brasileira a desenvolver, fabricar e comercializar computadores. Participou da equipe de desenvolvimento do SOX, que foi o 4\u00ba sistema operacional reconhecido com padr\u00e3o Unix e que \u00e9 o \u00fanico sistema, at\u00e9 hoje, desenvolvido fora dos Estados Unidos. Al\u00e9m de ter trabalhado na cria\u00e7\u00e3o de diversas ferramentas para o mercado banc\u00e1rio brasileiro que, para se adaptar a uma infla\u00e7\u00e3o de 80% ao m\u00eas, tornou-se o sistema mais \u00e1gil e eficiente e exportou a nossa tecnologia de hardware e software banc\u00e1rio para todo o mundo. Possui mais de 35 anos de experi\u00eancia em sistemas com a filosofia Unix e sua viv\u00eancia com o desenvolvimento de sistemas operacionais e muitas linguagens de programa\u00e7\u00e3o, lhe permitiu estudar a fundo o c\u00f3digo da shell Bash e descobrir recursos n\u00e3o documentados que facilitam enormemente a vida de quem programa. \u00c9 autor do bestseller <a href=\"https:\/\/novatec.com.br\/livros\/programacao-shell-linux-12ed\/\" style=\"outline: none;\" target=\"_blank\" rel=\"noopener\"><strong>Programa\u00e7\u00e3o Shell Linux<\/strong><\/a>, atualmente na 12\u00aa edi\u00e7\u00e3o, e do livro <strong><a href=\"https:\/\/amzn.to\/3cJilhM\" style=\"outline: none;\" target=\"_blank\" rel=\"noopener\">Bombando o Shell &#8211; Caixa de Ferramentas Gr\u00e1ficas do Shell Linux.<\/a><\/strong><\/p>\n<h2 style=\"\">Fale com o Prof. Julio Neves<\/h2>\n<p style=\"text-align: center;\">LIVRATE &#8211; TECNOLOGIA E EDUCA\u00c7\u00c3O EM SOFTWARE LIVRE<\/p>\n<p style=\"text-align: center;\">\u00a9 Todos os direitos reservados<u><\/u><\/p>\n","protected":false},"excerpt":{"rendered":"<p>Programa\u00e7\u00e3o Shell Linux \u00e9 uma refer\u00eancia completa sobre programa\u00e7\u00e3o Shell nos sistemas operacionais Unix\/Linux. O autor apresenta o assunto de forma did\u00e1tica e descontra\u00edda, com exemplos e dicas de f\u00e1cil compreens\u00e3o, al\u00e9m de aplica\u00e7\u00f5es \u00fateis para o dia a dia dos profissionais que utilizam esses sistemas operacionais. Sem d\u00favida, \u00e9 a publica\u00e7\u00e3o mais abrangente em [&hellip;]<\/p>\n","protected":false},"author":1,"featured_media":0,"parent":0,"menu_order":0,"comment_status":"closed","ping_status":"closed","template":"","meta":{"_joinchat":[],"footnotes":""},"class_list":["post-1038","page","type-page","status-publish","hentry"],"_links":{"self":[{"href":"https:\/\/www.dicas-l.com.br\/educacao\/wp-json\/wp\/v2\/pages\/1038","targetHints":{"allow":["GET"]}}],"collection":[{"href":"https:\/\/www.dicas-l.com.br\/educacao\/wp-json\/wp\/v2\/pages"}],"about":[{"href":"https:\/\/www.dicas-l.com.br\/educacao\/wp-json\/wp\/v2\/types\/page"}],"author":[{"embeddable":true,"href":"https:\/\/www.dicas-l.com.br\/educacao\/wp-json\/wp\/v2\/users\/1"}],"replies":[{"embeddable":true,"href":"https:\/\/www.dicas-l.com.br\/educacao\/wp-json\/wp\/v2\/comments?post=1038"}],"version-history":[{"count":30,"href":"https:\/\/www.dicas-l.com.br\/educacao\/wp-json\/wp\/v2\/pages\/1038\/revisions"}],"predecessor-version":[{"id":2490,"href":"https:\/\/www.dicas-l.com.br\/educacao\/wp-json\/wp\/v2\/pages\/1038\/revisions\/2490"}],"wp:attachment":[{"href":"https:\/\/www.dicas-l.com.br\/educacao\/wp-json\/wp\/v2\/media?parent=1038"}],"curies":[{"name":"wp","href":"https:\/\/api.w.org\/{rel}","templated":true}]}}